{"id":6594,"date":"2024-10-28T10:21:49","date_gmt":"2024-10-28T09:21:49","guid":{"rendered":"https:\/\/ceotronics.com\/rohs-ii-regulation\/"},"modified":"2024-12-09T15:50:19","modified_gmt":"2024-12-09T14:50:19","slug":"rohs-2-directives","status":"publish","type":"page","link":"https:\/\/ceotronics.com\/en\/rohs-2-directives\/","title":{"rendered":"RoHS 2 directives"},"content":{"rendered":"<div class=\"fusion-fullwidth fullwidth-box fusion-builder-row-1 fusion-flex-container has-pattern-background has-mask-background nonhundred-percent-fullwidth non-hundred-percent-height-scrolling\" style=\"--awb-border-radius-top-left:0px;--awb-border-radius-top-right:0px;--awb-border-radius-bottom-right:0px;--awb-border-radius-bottom-left:0px;--awb-flex-wrap:wrap;\" ><div class=\"fusion-builder-row fusion-row fusion-flex-align-items-flex-start fusion-flex-justify-content-center fusion-flex-content-wrap\" style=\"max-width:1248px;margin-left: calc(-4% \/ 2 );margin-right: calc(-4% \/ 2 );\"><div class=\"fusion-layout-column fusion_builder_column fusion-builder-column-0 fusion_builder_column_2_3 2_3 fusion-flex-column\" style=\"--awb-bg-size:cover;--awb-width-large:66.666666666667%;--awb-margin-top-large:0px;--awb-spacing-right-large:2.88%;--awb-margin-bottom-large:20px;--awb-spacing-left-large:2.88%;--awb-width-medium:66.666666666667%;--awb-order-medium:0;--awb-spacing-right-medium:2.88%;--awb-spacing-left-medium:2.88%;--awb-width-small:100%;--awb-order-small:0;--awb-spacing-right-small:1.92%;--awb-spacing-left-small:1.92%;\"><div class=\"fusion-column-wrapper fusion-column-has-shadow fusion-flex-justify-content-flex-start fusion-content-layout-column\"><div class=\"fusion-text fusion-text-1\" style=\"--awb-text-font-family:var(--awb-typography4-font-family);--awb-text-font-weight:var(--awb-typography4-font-weight);--awb-text-font-style:var(--awb-typography4-font-style);\"><p><a href=\"https:\/\/ceotronics.com\/wp-content\/uploads\/2024\/12\/CT-Kundeninformation_RoHS_EN.pdf\" target=\"_blank\" rel=\"noopener\"><strong>Download the RoHS 2 directives as PDF<\/strong><\/a><\/p>\n<\/div><div class=\"fusion-text fusion-text-2\" style=\"--awb-text-font-family:var(--awb-typography4-font-family);--awb-text-font-weight:var(--awb-typography4-font-weight);--awb-text-font-style:var(--awb-typography4-font-style);\"><p><strong>Directive 2011\/65\/EU RoHS 2 (ElektroStoffV) and Directive 2015\/863\/EU<\/strong><\/p>\n<p>As a manufacturer and distributor of high-quality communication products for public authorities, industry and trade, we are very familiar with the directive on the restriction of the use of certain hazardous substances in electrical and electronic equipment.<\/p>\n<p>CEOTRONICS monitors Directive 2011\/65\/EU (RoHS 2), which came into force on July 21, 2011, and Directive 2015\/863\/EU, which came into force on June 24, 2015, in order to provide the necessary information within the supply chain.<\/p>\n<p>CEOTRONICS is in close contact with its suppliers to monitor changes in product status to changes in the RoHS Directive with its exemptions. The RoHS compliance status is regularly recorded and updated. CEOTRONICS endeavors to notify its valued customers in a timely manner of any changes communicated to us by suppliers. This ensures that all products that fall within the scope of the RoHS Directive and are placed on the European market from July 22, 2019 are compliant with the requirements of the RoHS Directive.<\/p>\n<p>Please note that all information on the RoHS conformity of our communication products is based on information from the respective manufacturers of the purchased parts used.<\/p>\n<p>We do not have complete material declarations for purchased parts used in the manufacture of our products. However, we can ensure that all legally required information that we receive from our suppliers is also made available to you.<br \/>\nThe information is provided in good faith and without guarantee.<\/p>\n<p>We ask for your understanding that due to the large number of our products and purchased parts, it is not possible for us to sign customer-specific questionnaires on ingredients and general confirmations of conformity. This applies in particular to requests that exceed the legal requirements. However, we are happy to confirm that CEOTRONICS always fully complies with all regulations, standards and laws applicable to CEOTRONICS in Germany and Europe.<\/p>\n<\/div><\/div><\/div><\/div><\/div>\n","protected":false},"excerpt":{"rendered":"<p>And here must be text<\/p>\n","protected":false},"author":1,"featured_media":5994,"parent":0,"menu_order":0,"comment_status":"closed","ping_status":"closed","template":"100-width.php","meta":{"footnotes":""},"class_list":["post-6594","page","type-page","status-publish","has-post-thumbnail","hentry"],"yoast_head":"<!-- This site is optimized with the Yoast SEO Premium plugin v27.3 (Yoast SEO v27.3) - https:\/\/yoast.com\/product\/yoast-seo-premium-wordpress\/ -->\n<title>CEOTRONICS AG - RoHS 2 directives<\/title>\n<meta name=\"description\" content=\"And here must be text\" \/>\n<meta name=\"robots\" content=\"index, follow, max-snippet:-1, max-image-preview:large, max-video-preview:-1\" \/>\n<link rel=\"canonical\" href=\"https:\/\/ceotronics.com\/en\/rohs-2-directives\/\" \/>\n<meta property=\"og:locale\" content=\"en_US\" \/>\n<meta property=\"og:type\" content=\"article\" \/>\n<meta property=\"og:title\" content=\"CEOTRONICS AG - RoHS 2 directives\" \/>\n<meta property=\"og:description\" content=\"And here must be text\" \/>\n<meta property=\"og:url\" content=\"https:\/\/ceotronics.com\/en\/rohs-2-directives\/\" \/>\n<meta property=\"og:site_name\" content=\"CEOTRONICS AG\" \/>\n<meta property=\"article:modified_time\" content=\"2024-12-09T14:50:19+00:00\" \/>\n<meta property=\"og:image\" content=\"https:\/\/ceotronics.com\/wp-content\/uploads\/2024\/08\/impressum-datenschutz-header.jpg\" \/>\n\t<meta property=\"og:image:width\" content=\"2560\" \/>\n\t<meta property=\"og:image:height\" content=\"667\" \/>\n\t<meta property=\"og:image:type\" content=\"image\/jpeg\" \/>\n<meta name=\"twitter:card\" content=\"summary_large_image\" \/>\n<meta name=\"twitter:label1\" content=\"Est. reading time\" \/>\n\t<meta name=\"twitter:data1\" content=\"2 minutes\" \/>\n<script type=\"application\/ld+json\" class=\"yoast-schema-graph\">{\"@context\":\"https:\\\/\\\/schema.org\",\"@graph\":[{\"@type\":\"WebPage\",\"@id\":\"https:\\\/\\\/ceotronics.com\\\/en\\\/rohs-2-directives\\\/\",\"url\":\"https:\\\/\\\/ceotronics.com\\\/en\\\/rohs-2-directives\\\/\",\"name\":\"CEOTRONICS AG - RoHS 2 directives\",\"isPartOf\":{\"@id\":\"https:\\\/\\\/ceotronics.com\\\/en\\\/#website\"},\"primaryImageOfPage\":{\"@id\":\"https:\\\/\\\/ceotronics.com\\\/en\\\/rohs-2-directives\\\/#primaryimage\"},\"image\":{\"@id\":\"https:\\\/\\\/ceotronics.com\\\/en\\\/rohs-2-directives\\\/#primaryimage\"},\"thumbnailUrl\":\"https:\\\/\\\/ceotronics.com\\\/wp-content\\\/uploads\\\/2024\\\/08\\\/impressum-datenschutz-header.jpg\",\"datePublished\":\"2024-10-28T09:21:49+00:00\",\"dateModified\":\"2024-12-09T14:50:19+00:00\",\"description\":\"And here must be text\",\"breadcrumb\":{\"@id\":\"https:\\\/\\\/ceotronics.com\\\/en\\\/rohs-2-directives\\\/#breadcrumb\"},\"inLanguage\":\"en-US\",\"potentialAction\":[{\"@type\":\"ReadAction\",\"target\":[\"https:\\\/\\\/ceotronics.com\\\/en\\\/rohs-2-directives\\\/\"]}]},{\"@type\":\"ImageObject\",\"inLanguage\":\"en-US\",\"@id\":\"https:\\\/\\\/ceotronics.com\\\/en\\\/rohs-2-directives\\\/#primaryimage\",\"url\":\"https:\\\/\\\/ceotronics.com\\\/wp-content\\\/uploads\\\/2024\\\/08\\\/impressum-datenschutz-header.jpg\",\"contentUrl\":\"https:\\\/\\\/ceotronics.com\\\/wp-content\\\/uploads\\\/2024\\\/08\\\/impressum-datenschutz-header.jpg\",\"width\":2560,\"height\":667},{\"@type\":\"BreadcrumbList\",\"@id\":\"https:\\\/\\\/ceotronics.com\\\/en\\\/rohs-2-directives\\\/#breadcrumb\",\"itemListElement\":[{\"@type\":\"ListItem\",\"position\":1,\"name\":\"Startseite\",\"item\":\"https:\\\/\\\/ceotronics.com\\\/en\\\/\"},{\"@type\":\"ListItem\",\"position\":2,\"name\":\"RoHS 2 directives\"}]},{\"@type\":\"WebSite\",\"@id\":\"https:\\\/\\\/ceotronics.com\\\/en\\\/#website\",\"url\":\"https:\\\/\\\/ceotronics.com\\\/en\\\/\",\"name\":\"CEOTRONICS\",\"description\":\"when it counts\",\"publisher\":{\"@id\":\"https:\\\/\\\/ceotronics.com\\\/en\\\/#organization\"},\"potentialAction\":[{\"@type\":\"SearchAction\",\"target\":{\"@type\":\"EntryPoint\",\"urlTemplate\":\"https:\\\/\\\/ceotronics.com\\\/en\\\/?s={search_term_string}\"},\"query-input\":{\"@type\":\"PropertyValueSpecification\",\"valueRequired\":true,\"valueName\":\"search_term_string\"}}],\"inLanguage\":\"en-US\"},{\"@type\":\"Organization\",\"@id\":\"https:\\\/\\\/ceotronics.com\\\/en\\\/#organization\",\"name\":\"CEOTRONICS AG\",\"alternateName\":\"CEOTRONICS\",\"url\":\"https:\\\/\\\/ceotronics.com\\\/en\\\/\",\"logo\":{\"@type\":\"ImageObject\",\"inLanguage\":\"en-US\",\"@id\":\"https:\\\/\\\/ceotronics.com\\\/en\\\/#\\\/schema\\\/logo\\\/image\\\/\",\"url\":\"https:\\\/\\\/ceotronics.com\\\/wp-content\\\/uploads\\\/2024\\\/11\\\/CT-yoast-icon-696x696-1.png\",\"contentUrl\":\"https:\\\/\\\/ceotronics.com\\\/wp-content\\\/uploads\\\/2024\\\/11\\\/CT-yoast-icon-696x696-1.png\",\"width\":696,\"height\":696,\"caption\":\"CEOTRONICS AG\"},\"image\":{\"@id\":\"https:\\\/\\\/ceotronics.com\\\/en\\\/#\\\/schema\\\/logo\\\/image\\\/\"},\"sameAs\":[\"https:\\\/\\\/www.linkedin.com\\\/company\\\/ceotronics\\\/posts\\\/?feedView=all\",\"https:\\\/\\\/www.instagram.com\\\/ceotronics\\\/?hl=de\"],\"description\":\"Kommunikation ist ein Schl\u00fcssel zum Erfolg \u2013 in unserer demokratischen Gesellschaft, in Politik und Wirtschaft ebenso wie im Privat- und Berufsleben jedes Menschen. Aber was passiert in Situationen, in denen schwierige \u00e4u\u00dfere Umst\u00e4nde eine einwandfreie Kommunikation beinahe unm\u00f6glich machen? Im Einsatz von Polizei-, Feuerwehr-, Rettungs\u2013 und Verteidigungskr\u00e4ften oder in der Industrie sind solche Situationen Alltag. Eine st\u00f6rungsfreie Kommunikation sichert hier nicht nur reibungslose Abl\u00e4ufe, sondern rettet im Ernstfall Leben. Im Wissen darum wurde CEOTRONICS gegr\u00fcndet. Unser Antrieb: F\u00fcr diejenigen Menschen Kommunikationsl\u00f6sungen zu entwickeln, auf die es ankommt. Und f\u00fcr die Situationen, wenn es darauf ankommt. When it counts.\",\"email\":\"info@ceotronics.com\",\"telephone\":\"+49 6074 87510\",\"legalName\":\"CEOTRONICS AG\",\"foundingDate\":\"1985-06-01\",\"numberOfEmployees\":{\"@type\":\"QuantitativeValue\",\"minValue\":\"51\",\"maxValue\":\"200\"},\"publishingPrinciples\":\"https:\\\/\\\/ceotronics.com\\\/unternehmen\\\/\",\"ownershipFundingInfo\":\"https:\\\/\\\/ceotronics.com\\\/investoren\\\/\",\"actionableFeedbackPolicy\":\"https:\\\/\\\/ceotronics.com\\\/unternehmen\\\/\",\"ethicsPolicy\":\"https:\\\/\\\/ceotronics.com\\\/unternehmen\\\/\",\"diversityPolicy\":\"https:\\\/\\\/ceotronics.com\\\/unternehmen\\\/\",\"diversityStaffingReport\":\"https:\\\/\\\/ceotronics.com\\\/unternehmen\\\/\"}]}<\/script>\n<!-- \/ Yoast SEO Premium plugin. -->","yoast_head_json":{"title":"CEOTRONICS AG - RoHS 2 directives","description":"And here must be text","robots":{"index":"index","follow":"follow","max-snippet":"max-snippet:-1","max-image-preview":"max-image-preview:large","max-video-preview":"max-video-preview:-1"},"canonical":"https:\/\/ceotronics.com\/en\/rohs-2-directives\/","og_locale":"en_US","og_type":"article","og_title":"CEOTRONICS AG - RoHS 2 directives","og_description":"And here must be text","og_url":"https:\/\/ceotronics.com\/en\/rohs-2-directives\/","og_site_name":"CEOTRONICS AG","article_modified_time":"2024-12-09T14:50:19+00:00","og_image":[{"width":2560,"height":667,"url":"https:\/\/ceotronics.com\/wp-content\/uploads\/2024\/08\/impressum-datenschutz-header.jpg","type":"image\/jpeg"}],"twitter_card":"summary_large_image","twitter_misc":{"Est. reading time":"2 minutes"},"schema":{"@context":"https:\/\/schema.org","@graph":[{"@type":"WebPage","@id":"https:\/\/ceotronics.com\/en\/rohs-2-directives\/","url":"https:\/\/ceotronics.com\/en\/rohs-2-directives\/","name":"CEOTRONICS AG - RoHS 2 directives","isPartOf":{"@id":"https:\/\/ceotronics.com\/en\/#website"},"primaryImageOfPage":{"@id":"https:\/\/ceotronics.com\/en\/rohs-2-directives\/#primaryimage"},"image":{"@id":"https:\/\/ceotronics.com\/en\/rohs-2-directives\/#primaryimage"},"thumbnailUrl":"https:\/\/ceotronics.com\/wp-content\/uploads\/2024\/08\/impressum-datenschutz-header.jpg","datePublished":"2024-10-28T09:21:49+00:00","dateModified":"2024-12-09T14:50:19+00:00","description":"And here must be text","breadcrumb":{"@id":"https:\/\/ceotronics.com\/en\/rohs-2-directives\/#breadcrumb"},"inLanguage":"en-US","potentialAction":[{"@type":"ReadAction","target":["https:\/\/ceotronics.com\/en\/rohs-2-directives\/"]}]},{"@type":"ImageObject","inLanguage":"en-US","@id":"https:\/\/ceotronics.com\/en\/rohs-2-directives\/#primaryimage","url":"https:\/\/ceotronics.com\/wp-content\/uploads\/2024\/08\/impressum-datenschutz-header.jpg","contentUrl":"https:\/\/ceotronics.com\/wp-content\/uploads\/2024\/08\/impressum-datenschutz-header.jpg","width":2560,"height":667},{"@type":"BreadcrumbList","@id":"https:\/\/ceotronics.com\/en\/rohs-2-directives\/#breadcrumb","itemListElement":[{"@type":"ListItem","position":1,"name":"Startseite","item":"https:\/\/ceotronics.com\/en\/"},{"@type":"ListItem","position":2,"name":"RoHS 2 directives"}]},{"@type":"WebSite","@id":"https:\/\/ceotronics.com\/en\/#website","url":"https:\/\/ceotronics.com\/en\/","name":"CEOTRONICS","description":"when it counts","publisher":{"@id":"https:\/\/ceotronics.com\/en\/#organization"},"potentialAction":[{"@type":"SearchAction","target":{"@type":"EntryPoint","urlTemplate":"https:\/\/ceotronics.com\/en\/?s={search_term_string}"},"query-input":{"@type":"PropertyValueSpecification","valueRequired":true,"valueName":"search_term_string"}}],"inLanguage":"en-US"},{"@type":"Organization","@id":"https:\/\/ceotronics.com\/en\/#organization","name":"CEOTRONICS AG","alternateName":"CEOTRONICS","url":"https:\/\/ceotronics.com\/en\/","logo":{"@type":"ImageObject","inLanguage":"en-US","@id":"https:\/\/ceotronics.com\/en\/#\/schema\/logo\/image\/","url":"https:\/\/ceotronics.com\/wp-content\/uploads\/2024\/11\/CT-yoast-icon-696x696-1.png","contentUrl":"https:\/\/ceotronics.com\/wp-content\/uploads\/2024\/11\/CT-yoast-icon-696x696-1.png","width":696,"height":696,"caption":"CEOTRONICS AG"},"image":{"@id":"https:\/\/ceotronics.com\/en\/#\/schema\/logo\/image\/"},"sameAs":["https:\/\/www.linkedin.com\/company\/ceotronics\/posts\/?feedView=all","https:\/\/www.instagram.com\/ceotronics\/?hl=de"],"description":"Kommunikation ist ein Schl\u00fcssel zum Erfolg \u2013 in unserer demokratischen Gesellschaft, in Politik und Wirtschaft ebenso wie im Privat- und Berufsleben jedes Menschen. Aber was passiert in Situationen, in denen schwierige \u00e4u\u00dfere Umst\u00e4nde eine einwandfreie Kommunikation beinahe unm\u00f6glich machen? Im Einsatz von Polizei-, Feuerwehr-, Rettungs\u2013 und Verteidigungskr\u00e4ften oder in der Industrie sind solche Situationen Alltag. Eine st\u00f6rungsfreie Kommunikation sichert hier nicht nur reibungslose Abl\u00e4ufe, sondern rettet im Ernstfall Leben. Im Wissen darum wurde CEOTRONICS gegr\u00fcndet. Unser Antrieb: F\u00fcr diejenigen Menschen Kommunikationsl\u00f6sungen zu entwickeln, auf die es ankommt. Und f\u00fcr die Situationen, wenn es darauf ankommt. When it counts.","email":"info@ceotronics.com","telephone":"+49 6074 87510","legalName":"CEOTRONICS AG","foundingDate":"1985-06-01","numberOfEmployees":{"@type":"QuantitativeValue","minValue":"51","maxValue":"200"},"publishingPrinciples":"https:\/\/ceotronics.com\/unternehmen\/","ownershipFundingInfo":"https:\/\/ceotronics.com\/investoren\/","actionableFeedbackPolicy":"https:\/\/ceotronics.com\/unternehmen\/","ethicsPolicy":"https:\/\/ceotronics.com\/unternehmen\/","diversityPolicy":"https:\/\/ceotronics.com\/unternehmen\/","diversityStaffingReport":"https:\/\/ceotronics.com\/unternehmen\/"}]}},"_links":{"self":[{"href":"https:\/\/ceotronics.com\/en\/wp-json\/wp\/v2\/pages\/6594","targetHints":{"allow":["GET"]}}],"collection":[{"href":"https:\/\/ceotronics.com\/en\/wp-json\/wp\/v2\/pages"}],"about":[{"href":"https:\/\/ceotronics.com\/en\/wp-json\/wp\/v2\/types\/page"}],"author":[{"embeddable":true,"href":"https:\/\/ceotronics.com\/en\/wp-json\/wp\/v2\/users\/1"}],"replies":[{"embeddable":true,"href":"https:\/\/ceotronics.com\/en\/wp-json\/wp\/v2\/comments?post=6594"}],"version-history":[{"count":7,"href":"https:\/\/ceotronics.com\/en\/wp-json\/wp\/v2\/pages\/6594\/revisions"}],"predecessor-version":[{"id":10536,"href":"https:\/\/ceotronics.com\/en\/wp-json\/wp\/v2\/pages\/6594\/revisions\/10536"}],"wp:featuredmedia":[{"embeddable":true,"href":"https:\/\/ceotronics.com\/en\/wp-json\/wp\/v2\/media\/5994"}],"wp:attachment":[{"href":"https:\/\/ceotronics.com\/en\/wp-json\/wp\/v2\/media?parent=6594"}],"curies":[{"name":"wp","href":"https:\/\/api.w.org\/{rel}","templated":true}]}}