{"id":6573,"date":"2024-08-20T11:09:16","date_gmt":"2024-08-20T09:09:16","guid":{"rendered":"https:\/\/ceotronics.com\/imprint\/"},"modified":"2026-03-11T17:14:39","modified_gmt":"2026-03-11T16:14:39","slug":"imprint","status":"publish","type":"page","link":"https:\/\/ceotronics.com\/en\/imprint\/","title":{"rendered":"Imprint"},"content":{"rendered":"<p><div class=\"fusion-fullwidth fullwidth-box fusion-builder-row-1 fusion-flex-container nonhundred-percent-fullwidth non-hundred-percent-height-scrolling\" style=\"--awb-border-radius-top-left:0px;--awb-border-radius-top-right:0px;--awb-border-radius-bottom-right:0px;--awb-border-radius-bottom-left:0px;--awb-flex-wrap:wrap;\" ><div class=\"fusion-builder-row fusion-row fusion-flex-align-items-flex-start fusion-flex-content-wrap\" style=\"max-width:1248px;margin-left: calc(-4% \/ 2 );margin-right: calc(-4% \/ 2 );\"><div class=\"fusion-layout-column fusion_builder_column fusion-builder-column-0 fusion_builder_column_1_1 1_1 fusion-flex-column\" style=\"--awb-bg-size:cover;--awb-width-large:100%;--awb-margin-top-large:0px;--awb-spacing-right-large:1.92%;--awb-margin-bottom-large:0px;--awb-spacing-left-large:1.92%;--awb-width-medium:100%;--awb-spacing-right-medium:1.92%;--awb-spacing-left-medium:1.92%;--awb-width-small:100%;--awb-spacing-right-small:1.92%;--awb-spacing-left-small:1.92%;\"><div class=\"fusion-column-wrapper fusion-flex-justify-content-flex-start fusion-content-layout-column\"><\/div><\/div><\/div><\/div><div class=\"fusion-fullwidth fullwidth-box fusion-builder-row-2 fusion-flex-container has-pattern-background has-mask-background nonhundred-percent-fullwidth non-hundred-percent-height-scrolling\" style=\"--awb-border-radius-top-left:0px;--awb-border-radius-top-right:0px;--awb-border-radius-bottom-right:0px;--awb-border-radius-bottom-left:0px;--awb-flex-wrap:wrap;\" ><div class=\"fusion-builder-row fusion-row fusion-flex-align-items-flex-start fusion-flex-content-wrap\" style=\"max-width:1248px;margin-left: calc(-4% \/ 2 );margin-right: calc(-4% \/ 2 );\"><div class=\"fusion-layout-column fusion_builder_column fusion-builder-column-1 fusion_builder_column_1_1 1_1 fusion-flex-column\" style=\"--awb-bg-size:cover;--awb-width-large:100%;--awb-margin-top-large:0px;--awb-spacing-right-large:1.92%;--awb-margin-bottom-large:20px;--awb-spacing-left-large:1.92%;--awb-width-medium:100%;--awb-order-medium:0;--awb-spacing-right-medium:1.92%;--awb-spacing-left-medium:1.92%;--awb-width-small:100%;--awb-order-small:0;--awb-spacing-right-small:1.92%;--awb-spacing-left-small:1.92%;\"><div class=\"fusion-column-wrapper fusion-column-has-shadow fusion-flex-justify-content-flex-start fusion-content-layout-column\"><div class=\"fusion-text fusion-text-1\" style=\"--awb-text-font-family:var(--awb-typography4-font-family);--awb-text-font-weight:var(--awb-typography4-font-weight);--awb-text-font-style:var(--awb-typography4-font-style);\"><p><strong>Information pursuant to \u00a7 5 DDG (German Digital Services Act):<br \/>\n<\/strong>CEOTRONICS AG<br \/>\nAdam-Opel-Str. 6<br \/>\n63322 R\u00f6dermark<\/p>\n<p><strong>Represented by:<\/strong><br \/>\nThomas H. G\u00fcnther<br \/>\nChairman of the Management Board and CEO<\/p>\n<p>Dr.-Ing. Bj\u00f6rn Sch\u00f6lling<br \/>\nChief Technology Officer, CTO<\/p>\n<p><strong>Contact:<\/strong><br \/>\nPhone: +49 6074 8751-0<br \/>\nFax: +49 6074 8751-265<br \/>\nE-mail: vorstand@ceotronics.com<\/p>\n<p>WEEE Reg. No. DE 15466059<\/p>\n<p><strong>Register entry:<\/strong><br \/>\nEntry in the commercial register.<br \/>\nRegister court: Offenbach am Main<br \/>\nRegister number: HRB 34104<\/p>\n<p><strong>Value added tax:<\/strong><br \/>\nValue added tax identification number according to \u00a727 a Value Added Tax Act:<br \/>\nDE 113537643<\/p>\n<p>This website may contain information relating to different entities of the CEOTRONICS Group.<br \/>\nEach entity is solely responsible for the information relating to its own business activities.<\/p>\n<p><strong>Translation notice<br \/>\n<\/strong>The versions of this website provided in other languages are for informational purposes only and may have been generated using automated translation. In the event of discrepancies or interpretation differences, the original German version shall prevail.<\/p>\n<p><strong>Dispute resolution<br \/>\n<\/strong>We are not willing or obliged to participate in dispute resolution proceedings before a consumer arbitration board.<\/p>\n<p><strong>Liability for content<\/strong><br \/>\nAs a service provider, we are responsible for our own content on these pages in accordance with the general laws pursuant to Section 7 (1) TMG. However, according to \u00a7\u00a7 8 to 10 TMG, we as a service provider are not obliged to monitor transmitted or stored third-party information or to investigate circumstances that indicate illegal activity. Obligations to remove or block the use of information in accordance with general legislation remain unaffected by this. However, liability in this respect is only possible from the time of knowledge of a specific infringement. As soon as we become aware of such infringements, we will remove this content immediately.<\/p>\n<p><strong>Liability for links<br \/>\n<\/strong>Our website contains links to external third-party websites over whose content we have no influence. Therefore, we cannot accept any liability for this third-party content. The respective provider or operator of the pages is always responsible for the content of the linked pages. The linked pages were checked for possible legal violations at the time of linking. Illegal content was not recognizable at the time of linking. However, permanent monitoring of the content of the linked pages is not reasonable without concrete evidence of an infringement. If we become aware of any legal infringements, we will remove such links immediately.<\/p>\n<p><strong>Copyright<br \/>\n<\/strong>The content and works created by the site operators on these pages are subject to German copyright law. Duplication, processing, distribution and any kind of exploitation outside the limits of copyright law require the prior written consent of the respective author or creator. Downloads and copies of this site are only permitted for private, non-commercial use. Insofar as the content on this site was not created by the operator, the copyrights of third parties are respected. In particular, third-party content is identified as such. Should you nevertheless become aware of a copyright infringement, please inform us accordingly. If we become aware of any infringements, we will remove such content immediately.<\/p>\n<p><strong>Image rights:<br \/>\n<\/strong>Bundeswehr: <span class=\"fusion-popover popover-1\" data-animation=\"1\" data-class=\"popover-1\" data-container=\"popover-1\" data-html-content=\"&lt;img src=&quot;https:\/\/ceotronics.com\/wp-content\/uploads\/2024\/11\/szenarien-vert_milschiff_01neu.jpg&quot;&gt;\" data-delay=\"50\" data-placement=\"top\" data-toggle=\"popover\" data-trigger=\"hover\">Leon Rodewald<\/span>, <span class=\"fusion-popover popover-2\" data-animation=\"1\" data-class=\"popover-2\" data-container=\"popover-2\" data-html-content=\"&lt;img src=&quot;https:\/\/ceotronics.com\/wp-content\/uploads\/2025\/01\/Bundeswehr_NicoTheska.jpg&quot;&gt;\" data-delay=\"50\" data-placement=\"top\" data-toggle=\"popover\" data-trigger=\"hover\">Nico Theska<\/span>, <span class=\"fusion-popover popover-3\" data-animation=\"1\" data-class=\"popover-3\" data-container=\"popover-3\" data-html-content=\"&lt;img src=&quot;https:\/\/ceotronics.com\/wp-content\/uploads\/2024\/07\/ct-energielos-action_01neu.jpg&quot;&gt;\" data-delay=\"50\" data-placement=\"top\" data-toggle=\"popover\" data-trigger=\"hover\">Alessandro Vollborth<\/span>.<br \/>\nCEOTRONICS: Ripperkon, Alex Habermehl, Joachim Ludwig, Sergen Kaya, reflexion &#8211; das Photoatelier<br \/>\nFilmCops<br \/>\nflickr.com: <span class=\"fusion-popover popover-4\" data-animation=\"1\" data-class=\"popover-4\" data-container=\"popover-4\" data-html-content=\"&lt;img src=&quot;https:\/\/ceotronics.com\/wp-content\/uploads\/2024\/10\/szenarien-vert_jet_01.jpg&quot;&gt;\" data-delay=\"50\" data-placement=\"top\" data-toggle=\"popover\" data-trigger=\"hover\">Martyn Wraight (Ratters)<\/span>.<br \/>\nODU GmbH &amp; Co.KG<br \/>\nPexels<br \/>\npicture-alliance\/dpa: imageBROKER | Stephan Goerlich, Ostalb Network | Marius Bulling, rtn | rtn, christoph leimig, rtn | rtn, frank br\u00fcndel, SZ Photo | Leonhard Simon, ZUMAPRESS | U.S. Marines, dpa-Zentralbild | Jens B\u00fcttner, KS-Images.de | Andreas Rometsch, Sven Hoppe, Daniel Karmann, Roberto Pfeil, Boris Roessler.<span class=\"fusion-popover popover-5\" data-animation=\"1\" data-class=\"popover-5\" data-container=\"popover-5\" data-html-content=\"&lt;img src=&quot;https:\/\/ceotronics.com\/wp-content\/uploads\/2025\/01\/Plasser_Theurer.jpg&quot;&gt;\" data-delay=\"50\" data-placement=\"top\" data-toggle=\"popover\" data-trigger=\"hover\">Plasser &amp; Theurer<\/span>.<br \/>\nSchuberth GmbH<\/p>\n<\/div><\/div><\/div><\/div><\/div><div class=\"fusion-fullwidth fullwidth-box fusion-builder-row-3 fusion-flex-container nonhundred-percent-fullwidth non-hundred-percent-height-scrolling\" style=\"--awb-border-radius-top-left:0px;--awb-border-radius-top-right:0px;--awb-border-radius-bottom-right:0px;--awb-border-radius-bottom-left:0px;--awb-flex-wrap:wrap;\" ><div class=\"fusion-builder-row fusion-row fusion-flex-align-items-flex-start fusion-flex-content-wrap\" style=\"max-width:1248px;margin-left: calc(-4% \/ 2 );margin-right: calc(-4% \/ 2 );\"><div class=\"fusion-layout-column fusion_builder_column fusion-builder-column-2 fusion_builder_column_1_1 1_1 fusion-flex-column\" style=\"--awb-bg-size:cover;--awb-width-large:100%;--awb-margin-top-large:0px;--awb-spacing-right-large:1.92%;--awb-margin-bottom-large:0px;--awb-spacing-left-large:1.92%;--awb-width-medium:100%;--awb-spacing-right-medium:1.92%;--awb-spacing-left-medium:1.92%;--awb-width-small:100%;--awb-spacing-right-small:1.92%;--awb-spacing-left-small:1.92%;\"><div class=\"fusion-column-wrapper fusion-flex-justify-content-flex-start fusion-content-layout-column\"><\/div><\/div><\/div><\/div><\/p>\n","protected":false},"excerpt":{"rendered":"<p>And here must be text<\/p>\n","protected":false},"author":1,"featured_media":0,"parent":0,"menu_order":0,"comment_status":"closed","ping_status":"closed","template":"","meta":{"footnotes":""},"class_list":["post-6573","page","type-page","status-publish","hentry"],"yoast_head":"<!-- This site is optimized with the Yoast SEO Premium plugin v27.5 (Yoast SEO v27.5) - https:\/\/yoast.com\/product\/yoast-seo-premium-wordpress\/ -->\n<title>CEOTRONICS AG - Imprint<\/title>\n<meta name=\"description\" content=\"And here must be text\" \/>\n<meta name=\"robots\" content=\"index, follow, max-snippet:-1, max-image-preview:large, max-video-preview:-1\" \/>\n<link rel=\"canonical\" href=\"https:\/\/ceotronics.com\/en\/imprint\/\" \/>\n<meta property=\"og:locale\" content=\"en_US\" \/>\n<meta property=\"og:type\" content=\"article\" \/>\n<meta property=\"og:title\" content=\"CEOTRONICS AG - Imprint\" \/>\n<meta property=\"og:description\" content=\"And here must be text\" \/>\n<meta property=\"og:url\" content=\"https:\/\/ceotronics.com\/en\/imprint\/\" \/>\n<meta property=\"og:site_name\" content=\"CEOTRONICS AG\" \/>\n<meta property=\"article:modified_time\" content=\"2026-03-11T16:14:39+00:00\" \/>\n<meta property=\"og:image\" content=\"https:\/\/ceotronics.com\/wp-content\/uploads\/2024\/11\/CT-SocialMedia-teilen_1200x675.jpg\" \/>\n\t<meta property=\"og:image:width\" content=\"1200\" \/>\n\t<meta property=\"og:image:height\" content=\"675\" \/>\n\t<meta property=\"og:image:type\" content=\"image\/jpeg\" \/>\n<meta name=\"twitter:card\" content=\"summary_large_image\" \/>\n<meta name=\"twitter:label1\" content=\"Est. reading time\" \/>\n\t<meta name=\"twitter:data1\" content=\"4 minutes\" \/>\n<script type=\"application\/ld+json\" class=\"yoast-schema-graph\">{\"@context\":\"https:\\\/\\\/schema.org\",\"@graph\":[{\"@type\":\"WebPage\",\"@id\":\"https:\\\/\\\/ceotronics.com\\\/en\\\/imprint\\\/\",\"url\":\"https:\\\/\\\/ceotronics.com\\\/en\\\/imprint\\\/\",\"name\":\"CEOTRONICS AG - Imprint\",\"isPartOf\":{\"@id\":\"https:\\\/\\\/ceotronics.com\\\/en\\\/#website\"},\"datePublished\":\"2024-08-20T09:09:16+00:00\",\"dateModified\":\"2026-03-11T16:14:39+00:00\",\"description\":\"And here must be text\",\"breadcrumb\":{\"@id\":\"https:\\\/\\\/ceotronics.com\\\/en\\\/imprint\\\/#breadcrumb\"},\"inLanguage\":\"en-US\",\"potentialAction\":[{\"@type\":\"ReadAction\",\"target\":[\"https:\\\/\\\/ceotronics.com\\\/en\\\/imprint\\\/\"]}]},{\"@type\":\"BreadcrumbList\",\"@id\":\"https:\\\/\\\/ceotronics.com\\\/en\\\/imprint\\\/#breadcrumb\",\"itemListElement\":[{\"@type\":\"ListItem\",\"position\":1,\"name\":\"Startseite\",\"item\":\"https:\\\/\\\/ceotronics.com\\\/en\\\/\"},{\"@type\":\"ListItem\",\"position\":2,\"name\":\"Imprint\"}]},{\"@type\":\"WebSite\",\"@id\":\"https:\\\/\\\/ceotronics.com\\\/en\\\/#website\",\"url\":\"https:\\\/\\\/ceotronics.com\\\/en\\\/\",\"name\":\"CEOTRONICS\",\"description\":\"when it counts\",\"publisher\":{\"@id\":\"https:\\\/\\\/ceotronics.com\\\/en\\\/#organization\"},\"potentialAction\":[{\"@type\":\"SearchAction\",\"target\":{\"@type\":\"EntryPoint\",\"urlTemplate\":\"https:\\\/\\\/ceotronics.com\\\/en\\\/?s={search_term_string}\"},\"query-input\":{\"@type\":\"PropertyValueSpecification\",\"valueRequired\":true,\"valueName\":\"search_term_string\"}}],\"inLanguage\":\"en-US\"},{\"@type\":\"Organization\",\"@id\":\"https:\\\/\\\/ceotronics.com\\\/en\\\/#organization\",\"name\":\"CEOTRONICS AG\",\"alternateName\":\"CEOTRONICS\",\"url\":\"https:\\\/\\\/ceotronics.com\\\/en\\\/\",\"logo\":{\"@type\":\"ImageObject\",\"inLanguage\":\"en-US\",\"@id\":\"https:\\\/\\\/ceotronics.com\\\/en\\\/#\\\/schema\\\/logo\\\/image\\\/\",\"url\":\"https:\\\/\\\/ceotronics.com\\\/wp-content\\\/uploads\\\/2024\\\/11\\\/CT-yoast-icon-696x696-1.png\",\"contentUrl\":\"https:\\\/\\\/ceotronics.com\\\/wp-content\\\/uploads\\\/2024\\\/11\\\/CT-yoast-icon-696x696-1.png\",\"width\":696,\"height\":696,\"caption\":\"CEOTRONICS AG\"},\"image\":{\"@id\":\"https:\\\/\\\/ceotronics.com\\\/en\\\/#\\\/schema\\\/logo\\\/image\\\/\"},\"sameAs\":[\"https:\\\/\\\/www.linkedin.com\\\/company\\\/ceotronics\\\/posts\\\/?feedView=all\",\"https:\\\/\\\/www.instagram.com\\\/ceotronics\\\/?hl=de\"],\"description\":\"Kommunikation ist ein Schl\u00fcssel zum Erfolg \u2013 in unserer demokratischen Gesellschaft, in Politik und Wirtschaft ebenso wie im Privat- und Berufsleben jedes Menschen. Aber was passiert in Situationen, in denen schwierige \u00e4u\u00dfere Umst\u00e4nde eine einwandfreie Kommunikation beinahe unm\u00f6glich machen? Im Einsatz von Polizei-, Feuerwehr-, Rettungs\u2013 und Verteidigungskr\u00e4ften oder in der Industrie sind solche Situationen Alltag. Eine st\u00f6rungsfreie Kommunikation sichert hier nicht nur reibungslose Abl\u00e4ufe, sondern rettet im Ernstfall Leben. Im Wissen darum wurde CEOTRONICS gegr\u00fcndet. Unser Antrieb: F\u00fcr diejenigen Menschen Kommunikationsl\u00f6sungen zu entwickeln, auf die es ankommt. Und f\u00fcr die Situationen, wenn es darauf ankommt. When it counts.\",\"email\":\"info@ceotronics.com\",\"telephone\":\"+49 6074 87510\",\"legalName\":\"CEOTRONICS AG\",\"foundingDate\":\"1985-06-01\",\"numberOfEmployees\":{\"@type\":\"QuantitativeValue\",\"minValue\":\"51\",\"maxValue\":\"200\"},\"publishingPrinciples\":\"https:\\\/\\\/ceotronics.com\\\/unternehmen\\\/\",\"ownershipFundingInfo\":\"https:\\\/\\\/ceotronics.com\\\/investoren\\\/\",\"actionableFeedbackPolicy\":\"https:\\\/\\\/ceotronics.com\\\/unternehmen\\\/\",\"ethicsPolicy\":\"https:\\\/\\\/ceotronics.com\\\/unternehmen\\\/\",\"diversityPolicy\":\"https:\\\/\\\/ceotronics.com\\\/unternehmen\\\/\",\"diversityStaffingReport\":\"https:\\\/\\\/ceotronics.com\\\/unternehmen\\\/\"}]}<\/script>\n<!-- \/ Yoast SEO Premium plugin. -->","yoast_head_json":{"title":"CEOTRONICS AG - Imprint","description":"And here must be text","robots":{"index":"index","follow":"follow","max-snippet":"max-snippet:-1","max-image-preview":"max-image-preview:large","max-video-preview":"max-video-preview:-1"},"canonical":"https:\/\/ceotronics.com\/en\/imprint\/","og_locale":"en_US","og_type":"article","og_title":"CEOTRONICS AG - Imprint","og_description":"And here must be text","og_url":"https:\/\/ceotronics.com\/en\/imprint\/","og_site_name":"CEOTRONICS AG","article_modified_time":"2026-03-11T16:14:39+00:00","og_image":[{"width":1200,"height":675,"url":"https:\/\/ceotronics.com\/wp-content\/uploads\/2024\/11\/CT-SocialMedia-teilen_1200x675.jpg","type":"image\/jpeg"}],"twitter_card":"summary_large_image","twitter_misc":{"Est. reading time":"4 minutes"},"schema":{"@context":"https:\/\/schema.org","@graph":[{"@type":"WebPage","@id":"https:\/\/ceotronics.com\/en\/imprint\/","url":"https:\/\/ceotronics.com\/en\/imprint\/","name":"CEOTRONICS AG - Imprint","isPartOf":{"@id":"https:\/\/ceotronics.com\/en\/#website"},"datePublished":"2024-08-20T09:09:16+00:00","dateModified":"2026-03-11T16:14:39+00:00","description":"And here must be text","breadcrumb":{"@id":"https:\/\/ceotronics.com\/en\/imprint\/#breadcrumb"},"inLanguage":"en-US","potentialAction":[{"@type":"ReadAction","target":["https:\/\/ceotronics.com\/en\/imprint\/"]}]},{"@type":"BreadcrumbList","@id":"https:\/\/ceotronics.com\/en\/imprint\/#breadcrumb","itemListElement":[{"@type":"ListItem","position":1,"name":"Startseite","item":"https:\/\/ceotronics.com\/en\/"},{"@type":"ListItem","position":2,"name":"Imprint"}]},{"@type":"WebSite","@id":"https:\/\/ceotronics.com\/en\/#website","url":"https:\/\/ceotronics.com\/en\/","name":"CEOTRONICS","description":"when it counts","publisher":{"@id":"https:\/\/ceotronics.com\/en\/#organization"},"potentialAction":[{"@type":"SearchAction","target":{"@type":"EntryPoint","urlTemplate":"https:\/\/ceotronics.com\/en\/?s={search_term_string}"},"query-input":{"@type":"PropertyValueSpecification","valueRequired":true,"valueName":"search_term_string"}}],"inLanguage":"en-US"},{"@type":"Organization","@id":"https:\/\/ceotronics.com\/en\/#organization","name":"CEOTRONICS AG","alternateName":"CEOTRONICS","url":"https:\/\/ceotronics.com\/en\/","logo":{"@type":"ImageObject","inLanguage":"en-US","@id":"https:\/\/ceotronics.com\/en\/#\/schema\/logo\/image\/","url":"https:\/\/ceotronics.com\/wp-content\/uploads\/2024\/11\/CT-yoast-icon-696x696-1.png","contentUrl":"https:\/\/ceotronics.com\/wp-content\/uploads\/2024\/11\/CT-yoast-icon-696x696-1.png","width":696,"height":696,"caption":"CEOTRONICS AG"},"image":{"@id":"https:\/\/ceotronics.com\/en\/#\/schema\/logo\/image\/"},"sameAs":["https:\/\/www.linkedin.com\/company\/ceotronics\/posts\/?feedView=all","https:\/\/www.instagram.com\/ceotronics\/?hl=de"],"description":"Kommunikation ist ein Schl\u00fcssel zum Erfolg \u2013 in unserer demokratischen Gesellschaft, in Politik und Wirtschaft ebenso wie im Privat- und Berufsleben jedes Menschen. Aber was passiert in Situationen, in denen schwierige \u00e4u\u00dfere Umst\u00e4nde eine einwandfreie Kommunikation beinahe unm\u00f6glich machen? Im Einsatz von Polizei-, Feuerwehr-, Rettungs\u2013 und Verteidigungskr\u00e4ften oder in der Industrie sind solche Situationen Alltag. Eine st\u00f6rungsfreie Kommunikation sichert hier nicht nur reibungslose Abl\u00e4ufe, sondern rettet im Ernstfall Leben. Im Wissen darum wurde CEOTRONICS gegr\u00fcndet. Unser Antrieb: F\u00fcr diejenigen Menschen Kommunikationsl\u00f6sungen zu entwickeln, auf die es ankommt. Und f\u00fcr die Situationen, wenn es darauf ankommt. When it counts.","email":"info@ceotronics.com","telephone":"+49 6074 87510","legalName":"CEOTRONICS AG","foundingDate":"1985-06-01","numberOfEmployees":{"@type":"QuantitativeValue","minValue":"51","maxValue":"200"},"publishingPrinciples":"https:\/\/ceotronics.com\/unternehmen\/","ownershipFundingInfo":"https:\/\/ceotronics.com\/investoren\/","actionableFeedbackPolicy":"https:\/\/ceotronics.com\/unternehmen\/","ethicsPolicy":"https:\/\/ceotronics.com\/unternehmen\/","diversityPolicy":"https:\/\/ceotronics.com\/unternehmen\/","diversityStaffingReport":"https:\/\/ceotronics.com\/unternehmen\/"}]}},"_links":{"self":[{"href":"https:\/\/ceotronics.com\/en\/wp-json\/wp\/v2\/pages\/6573","targetHints":{"allow":["GET"]}}],"collection":[{"href":"https:\/\/ceotronics.com\/en\/wp-json\/wp\/v2\/pages"}],"about":[{"href":"https:\/\/ceotronics.com\/en\/wp-json\/wp\/v2\/types\/page"}],"author":[{"embeddable":true,"href":"https:\/\/ceotronics.com\/en\/wp-json\/wp\/v2\/users\/1"}],"replies":[{"embeddable":true,"href":"https:\/\/ceotronics.com\/en\/wp-json\/wp\/v2\/comments?post=6573"}],"version-history":[{"count":16,"href":"https:\/\/ceotronics.com\/en\/wp-json\/wp\/v2\/pages\/6573\/revisions"}],"predecessor-version":[{"id":15112,"href":"https:\/\/ceotronics.com\/en\/wp-json\/wp\/v2\/pages\/6573\/revisions\/15112"}],"wp:attachment":[{"href":"https:\/\/ceotronics.com\/en\/wp-json\/wp\/v2\/media?parent=6573"}],"curies":[{"name":"wp","href":"https:\/\/api.w.org\/{rel}","templated":true}]}}