{"id":6563,"date":"2024-07-24T16:53:58","date_gmt":"2024-07-24T14:53:58","guid":{"rendered":"https:\/\/ceotronics.com\/ct-comlink-technology\/"},"modified":"2025-11-21T12:14:08","modified_gmt":"2025-11-21T11:14:08","slug":"ct-comlink-technology","status":"publish","type":"page","link":"https:\/\/ceotronics.com\/en\/ct-comlink-technology\/","title":{"rendered":"CT-ComLink\u00ae technology"},"content":{"rendered":"<p><div class=\"fusion-fullwidth fullwidth-box fusion-builder-row-1 fusion-flex-container has-pattern-background has-mask-background nonhundred-percent-fullwidth non-hundred-percent-height-scrolling fusion-custom-z-index\" style=\"--link_color: var(--awb-color1);--awb-border-sizes-top:0px;--awb-border-sizes-bottom:0px;--awb-border-sizes-left:0px;--awb-border-sizes-right:0px;--awb-border-radius-top-left:0px;--awb-border-radius-top-right:0px;--awb-border-radius-bottom-right:0px;--awb-border-radius-bottom-left:0px;--awb-z-index:10;--awb-padding-top:5vw;--awb-padding-right:6vw;--awb-padding-bottom:5vw;--awb-padding-left:6vw;--awb-padding-top-small:50px;--awb-padding-right-small:50px;--awb-padding-bottom-small:50px;--awb-padding-left-small:50px;--awb-margin-top:0px;--awb-margin-bottom:0px;--awb-background-color:var(--awb-color1);--awb-flex-wrap:wrap;\" ><div class=\"fusion-builder-row fusion-row fusion-flex-align-items-center fusion-flex-justify-content-center fusion-flex-content-wrap\" style=\"max-width:1248px;margin-left: calc(-4% \/ 2 );margin-right: calc(-4% \/ 2 );\"><div class=\"fusion-layout-column fusion_builder_column fusion-builder-column-0 fusion_builder_column_1_1 1_1 fusion-flex-column fusion-animated\" style=\"--awb-bg-size:cover;--awb-width-large:100%;--awb-margin-top-large:0px;--awb-spacing-right-large:1.92%;--awb-margin-bottom-large:0px;--awb-spacing-left-large:1.92%;--awb-width-medium:66.666666666667%;--awb-order-medium:0;--awb-spacing-right-medium:2.88%;--awb-spacing-left-medium:2.88%;--awb-width-small:100%;--awb-order-small:1;--awb-spacing-right-small:1.92%;--awb-spacing-left-small:1.92%;\" data-animationType=\"fadeInUp\" data-animationDuration=\"1.3\" data-animationOffset=\"top-into-view\" data-scroll-devices=\"small-visibility,medium-visibility,large-visibility\"><div class=\"fusion-column-wrapper fusion-column-has-shadow fusion-flex-justify-content-flex-start fusion-content-layout-column\"><div class=\"fusion-title title fusion-title-1 fusion-sep-none fusion-title-center fusion-title-text fusion-title-size-one\" style=\"--awb-text-color:var(--awb-color3);--awb-margin-bottom:0px;--awb-margin-top-small:10px;--awb-margin-right-small:0px;--awb-margin-bottom-small:20px;--awb-margin-left-small:0px;--awb-font-size:100px;\"><h1 class=\"fusion-title-heading title-heading-center fusion-responsive-typography-calculated\" style=\"font-family:&quot;Bebas Neue&quot;;font-style:normal;font-weight:400;margin:0;letter-spacing:1px;text-transform:uppercase;font-size:1em;--fontSize:100;line-height:1;\">Future included<\/h1><\/div><div class=\"fusion-title title fusion-title-2 fusion-no-medium-visibility fusion-no-large-visibility fusion-sep-none fusion-title-center fusion-title-text fusion-title-size-one\" style=\"--awb-text-color:var(--awb-color3);--awb-margin-bottom:0px;--awb-margin-top-small:10px;--awb-margin-right-small:0px;--awb-margin-bottom-small:20px;--awb-margin-left-small:0px;--awb-font-size:60px;\"><h1 class=\"fusion-title-heading title-heading-center fusion-responsive-typography-calculated\" style=\"font-family:&quot;Bebas Neue&quot;;font-style:normal;font-weight:400;margin:0;letter-spacing:1px;text-transform:uppercase;font-size:1em;--fontSize:60;line-height:1;\"><\/h1><\/div><div class=\"fusion-text fusion-text-1 fusion-animated fusion-text-no-margin\" style=\"--awb-content-alignment:center;--awb-font-size:30px;--awb-text-color:var(--awb-color3);--awb-margin-top:3%;--awb-margin-right:0px;--awb-margin-bottom:0px;--awb-margin-left:0px;\" data-animationType=\"zoomIn\" data-animationDuration=\"1.1\" data-animationOffset=\"top-into-view\"><p>CT-ComLink<sup>\u00ae<\/sup>\u00a0technology ensures the perfect interaction of all system components in communication<\/p>\n<\/div><\/div><\/div><\/div><\/div><div id=\"scenario01\" class=\"fusion-container-anchor\"><div class=\"fusion-fullwidth fullwidth-box fusion-builder-row-2 fusion-flex-container video-background has-pattern-background has-mask-background nonhundred-percent-fullwidth non-hundred-percent-height-scrolling fusion-no-small-visibility fusion-animated fusion-custom-z-index\" style=\"--awb-border-radius-top-left:0px;--awb-border-radius-top-right:0px;--awb-border-radius-bottom-right:0px;--awb-border-radius-bottom-left:0px;--awb-z-index:10;--awb-padding-top:15%;--awb-padding-bottom:0%;--awb-margin-bottom:0px;--awb-min-height:40vh;--awb-background-color:var(--awb-color3);--awb-flex-wrap:wrap;\" data-animationType=\"revealInLeft\" data-animationDuration=\"1.5\" data-animationOffset=\"top-into-view\" ><div class=\"fullwidth-video-image\" style=\"background-image:url(https:\/\/ceotronics.com\/wp-content\/uploads\/2024\/11\/vorschau-odu.jpg);\"><\/div><div class=\"fullwidth-video\"><video preload=\"auto\" autoplay playsinline loop muted><source src=\"https:\/\/ceotronics.com\/wp-content\/uploads\/2024\/11\/odu-slomo.mp4\" type=\"video\/mp4\"><\/video><\/div><div class=\"fusion-builder-row fusion-row fusion-flex-align-items-flex-end fusion-flex-justify-content-center fusion-flex-content-wrap\" style=\"max-width:1248px;margin-left: calc(-4% \/ 2 );margin-right: calc(-4% \/ 2 );\"><\/div><\/div><\/div><div id=\"scenario01\" class=\"fusion-container-anchor\"><div class=\"fusion-fullwidth fullwidth-box fusion-builder-row-3 fusion-flex-container video-background has-pattern-background has-mask-background nonhundred-percent-fullwidth non-hundred-percent-height-scrolling fusion-no-medium-visibility fusion-no-large-visibility fusion-animated fusion-custom-z-index\" style=\"--awb-border-radius-top-left:0px;--awb-border-radius-top-right:0px;--awb-border-radius-bottom-right:0px;--awb-border-radius-bottom-left:0px;--awb-z-index:10;--awb-padding-top:15%;--awb-padding-bottom:0%;--awb-margin-bottom:0px;--awb-min-height:40vh;--awb-background-color:var(--awb-color3);--awb-flex-wrap:wrap;\" data-animationType=\"revealInLeft\" data-animationDuration=\"1.5\" data-animationOffset=\"top-into-view\" ><div class=\"fullwidth-video\"><video preload=\"auto\" autoplay playsinline loop muted><source src=\"https:\/\/ceotronics.com\/wp-content\/uploads\/2024\/11\/odu-slomo.mp4\" type=\"video\/mp4\"><\/video><\/div><div class=\"fusion-builder-row fusion-row fusion-flex-align-items-flex-end fusion-flex-justify-content-center fusion-flex-content-wrap\" style=\"max-width:1248px;margin-left: calc(-4% \/ 2 );margin-right: calc(-4% \/ 2 );\"><\/div><\/div><\/div><div class=\"fusion-fullwidth fullwidth-box fusion-builder-row-4 fusion-flex-container has-pattern-background has-mask-background nonhundred-percent-fullwidth non-hundred-percent-height-scrolling\" style=\"--awb-border-radius-top-left:0px;--awb-border-radius-top-right:0px;--awb-border-radius-bottom-right:0px;--awb-border-radius-bottom-left:0px;--awb-flex-wrap:wrap;\" ><div class=\"fusion-builder-row fusion-row fusion-flex-align-items-flex-start fusion-flex-justify-content-center fusion-flex-content-wrap\" style=\"max-width:1248px;margin-left: calc(-4% \/ 2 );margin-right: calc(-4% \/ 2 );\"><div class=\"fusion-layout-column fusion_builder_column fusion-builder-column-1 fusion_builder_column_3_4 3_4 fusion-flex-column\" style=\"--awb-bg-size:cover;--awb-width-large:75%;--awb-margin-top-large:5%;--awb-spacing-right-large:2.56%;--awb-margin-bottom-large:5%;--awb-spacing-left-large:2.56%;--awb-width-medium:75%;--awb-order-medium:0;--awb-spacing-right-medium:2.56%;--awb-spacing-left-medium:2.56%;--awb-width-small:100%;--awb-order-small:0;--awb-spacing-right-small:1.92%;--awb-spacing-left-small:1.92%;\" data-scroll-devices=\"small-visibility,medium-visibility,large-visibility\"><div class=\"fusion-column-wrapper fusion-column-has-shadow fusion-flex-justify-content-flex-start fusion-content-layout-column\"><div class=\"fusion-text fusion-text-2 fusion-text-no-margin\" style=\"--awb-font-size:var(--awb-typography4-font-size);--awb-line-height:var(--awb-typography4-line-height);--awb-letter-spacing:var(--awb-typography4-letter-spacing);--awb-text-transform:var(--awb-typography4-text-transform);--awb-text-color:var(--awb-custom_color_11);--awb-margin-bottom:5%;--awb-text-font-family:var(--awb-typography4-font-family);--awb-text-font-weight:var(--awb-typography4-font-weight);--awb-text-font-style:var(--awb-typography4-font-style);\"><p><strong>In complex operational situations,<\/strong> people must be able to concentrate on what really matters. The communication technology used plays a key role here, as communication must be one thing above all: clear and secure. At all times.<\/p>\n<p><strong>Rapid operational readiness and the perfect interaction <\/strong>of the technology used by the <a href=\"https:\/\/ceotronics.com\/polizei\/\" target=\"_blank\" rel=\"noopener\">police<\/a>, <a href=\"https:\/\/ceotronics.com\/verteidigung\/\" target=\"_blank\" rel=\"noopener\">defense forces<\/a>, <a href=\"https:\/\/ceotronics.com\/rettung\/\" target=\"_blank\" rel=\"noopener\">rescue services<\/a>, at the <a href=\"https:\/\/ceotronics.com\/luftfahrt\/\" target=\"_blank\" rel=\"noopener\">airport<\/a> or in <a href=\"https:\/\/ceotronics.com\/industrie\/\" target=\"_blank\" rel=\"noopener\">industry<\/a> are crucial.\u00a0CT-ComLink<sup>\u00ae<\/sup> technology was developed precisely for this purpose. Regardless of which radios, headsets or intercom systems are used, whether digital or analog, wired or via Bluetooth: CT-ComLink<sup>\u00ae<\/sup> works &#8211; now and in the future.<\/p>\n<p><strong>CT-ComLink<sup>\u00ae<\/sup>\u00a0technology is the heart<\/strong> of CEOTRONICS&#8217; <em>Software Defined Products<\/em>: robust hardware as the basis for software that grows with new requirements and technological progress. It can be continuously optimized to maximize the benefits for the user. This ensures perfect communication under all conditions.<\/p>\n<p><strong>Another advantage<\/strong> is the menu control via auditory feedback: All CT-MultiPTT <a href=\"https:\/\/ceotronics.com\/en\/control-units\/\" target=\"_blank\" rel=\"noopener\">control units<\/a> and <a href=\"https:\/\/ceotronics.com\/en\/dect-systems\/\" target=\"_blank\" rel=\"noopener\">CT-DECT systems<\/a> have voice output, i.e. when navigating within the operating menu, the user receives immediate feedback on the current setting as a spoken audio signal &#8211; without having to look. A great relief for quick and uncomplicated menu navigation.<\/p>\n<p>The\u00a0CT-ComLink<sup>\u00ae<\/sup> technology &#8230;<\/p>\n<ul>\n<li>combines state-of-the-art signal transmission with robust hardware.<\/li>\n<li>ensures maximum flexibility and modularity in the selection of headsets, radios, tactical hubs and cell phones.<\/li>\n<li>automatically recognizes connected devices and sets the optimum audio configuration.<\/li>\n<li>enables the perfect interaction of all system components &#8211; even with vehicle intercom systems.<\/li>\n<\/ul>\n<p><strong>Get to know the highly specialized products from CEOTRONICS.<\/strong> Discover the benefits of <a href=\"https:\/\/ceotronics.com\/en\/control-units\/\" target=\"_blank\" rel=\"noopener\">control units<\/a>, <a href=\"https:\/\/ceotronics.com\/en\/dect-systems\/\" target=\"_blank\" rel=\"noopener\">DECT systems<\/a>, <a href=\"https:\/\/ceotronics.com\/en\/headsets\/\" target=\"_blank\" rel=\"noopener\">headsets<\/a> and <a href=\"https:\/\/ceotronics.com\/en\/helmet-systems\/\" target=\"_blank\" rel=\"noopener\">helmet systems<\/a> for your requirements.<\/p>\n<p>Find out more in our <a href=\"https:\/\/ceotronics.com\/wp-content\/uploads\/2025\/07\/CT-ComLink_system_solutions_2025.pdf\" target=\"_blank\" rel=\"noopener\">CT-ComLink<sup>\u00ae<\/sup> brochure (PDF)<\/a>.<\/p>\n<\/div><div class=\"fusion-text fusion-text-3\" style=\"--awb-font-size:var(--awb-typography4-font-size);--awb-line-height:var(--awb-typography4-line-height);--awb-letter-spacing:var(--awb-typography4-letter-spacing);--awb-text-transform:var(--awb-typography4-text-transform);--awb-text-color:var(--awb-custom_color_11);--awb-margin-top:3%;--awb-text-font-family:var(--awb-typography4-font-family);--awb-text-font-weight:var(--awb-typography4-font-weight);--awb-text-font-style:var(--awb-typography4-font-style);\"><h3>The CT-ComLink<sup>\u00ae<\/sup> product portfolio<\/h3>\n<\/div><div class=\"fusion-image-element \" style=\"--awb-margin-top:2%;--awb-caption-title-font-family:var(--h2_typography-font-family);--awb-caption-title-font-weight:var(--h2_typography-font-weight);--awb-caption-title-font-style:var(--h2_typography-font-style);--awb-caption-title-size:var(--h2_typography-font-size);--awb-caption-title-transform:var(--h2_typography-text-transform);--awb-caption-title-line-height:var(--h2_typography-line-height);--awb-caption-title-letter-spacing:var(--h2_typography-letter-spacing);\"><span class=\" fusion-imageframe imageframe-dropshadow imageframe-1 hover-type-none fusion-animated\" style=\"-webkit-box-shadow: 6px 6px 10px var(--awb-color7);box-shadow: 6px 6px 10px var(--awb-color7);\" data-animationType=\"fadeIn\" data-animationDuration=\"2.0\" data-animationOffset=\"top-into-view\"><a href=\"https:\/\/ceotronics.com\/wp-content\/uploads\/2025\/11\/CT-ComLink_product_portfolio-1.jpg\" class=\"fusion-lightbox\" data-rel=\"iLightbox[e618308adc900cd9d32]\" data-title=\"CT-ComLink_product_portfolio\" title=\"CT-ComLink_schaubild-EN-small-ble\"><img decoding=\"async\" width=\"2480\" height=\"1500\" src=\"https:\/\/ceotronics.com\/wp-content\/uploads\/2025\/11\/CT-ComLink_schaubild-EN-small-ble.jpg\" alt class=\"img-responsive wp-image-13081\" srcset=\"https:\/\/ceotronics.com\/wp-content\/uploads\/2025\/11\/CT-ComLink_schaubild-EN-small-ble-200x121.jpg 200w, https:\/\/ceotronics.com\/wp-content\/uploads\/2025\/11\/CT-ComLink_schaubild-EN-small-ble-400x242.jpg 400w, https:\/\/ceotronics.com\/wp-content\/uploads\/2025\/11\/CT-ComLink_schaubild-EN-small-ble-600x363.jpg 600w, https:\/\/ceotronics.com\/wp-content\/uploads\/2025\/11\/CT-ComLink_schaubild-EN-small-ble-800x484.jpg 800w, https:\/\/ceotronics.com\/wp-content\/uploads\/2025\/11\/CT-ComLink_schaubild-EN-small-ble-1200x726.jpg 1200w, https:\/\/ceotronics.com\/wp-content\/uploads\/2025\/11\/CT-ComLink_schaubild-EN-small-ble.jpg 2480w\" sizes=\"(max-width: 640px) 100vw, 1200px\" \/><\/a><\/span><\/div><\/div><\/div><\/div><\/div><\/p>\n","protected":false},"excerpt":{"rendered":"<p>CEONTRONICS has developed the CT-ComLink\u00ae technology for the perfect interaction of the technology used in complex operations. It has been used successfully for years by the police, defense forces, emergency services, at airports and in industry. <\/p>\n","protected":false},"author":1,"featured_media":0,"parent":0,"menu_order":0,"comment_status":"closed","ping_status":"closed","template":"100-width.php","meta":{"footnotes":""},"class_list":["post-6563","page","type-page","status-publish","hentry"],"yoast_head":"<!-- This site is optimized with the Yoast SEO Premium plugin v27.4 (Yoast SEO v27.4) - https:\/\/yoast.com\/product\/yoast-seo-premium-wordpress\/ -->\n<title>CEOTRONICS AG - CT-ComLink\u00ae technology<\/title>\n<meta name=\"description\" content=\"Find out more about CT-ComLink\u00ae technology for clear and secure communication in demanding situations.\" \/>\n<meta name=\"robots\" content=\"index, follow, max-snippet:-1, max-image-preview:large, max-video-preview:-1\" \/>\n<link rel=\"canonical\" href=\"https:\/\/ceotronics.com\/en\/ct-comlink-technology\/\" \/>\n<meta property=\"og:locale\" content=\"en_US\" \/>\n<meta property=\"og:type\" content=\"article\" \/>\n<meta property=\"og:title\" content=\"CEOTRONICS AG - CT-ComLink\u00ae technology\" \/>\n<meta property=\"og:description\" content=\"CEONTRONICS has developed the CT-ComLink\u00ae technology for the perfect interaction of the technology used in complex operations. It has been used successfully for years by the police, defense forces, emergency services, at airports and in industry.\" \/>\n<meta property=\"og:url\" content=\"https:\/\/ceotronics.com\/en\/ct-comlink-technology\/\" \/>\n<meta property=\"og:site_name\" content=\"CEOTRONICS AG\" \/>\n<meta property=\"article:modified_time\" content=\"2025-11-21T11:14:08+00:00\" \/>\n<meta property=\"og:image\" content=\"https:\/\/ceotronics.com\/wp-content\/uploads\/2024\/11\/CT-SocialMedia-teilen_1200x675.jpg\" \/>\n\t<meta property=\"og:image:width\" content=\"1200\" \/>\n\t<meta property=\"og:image:height\" content=\"675\" \/>\n\t<meta property=\"og:image:type\" content=\"image\/jpeg\" \/>\n<meta name=\"twitter:card\" content=\"summary_large_image\" \/>\n<meta name=\"twitter:label1\" content=\"Est. reading time\" \/>\n\t<meta name=\"twitter:data1\" content=\"2 minutes\" \/>\n<script type=\"application\/ld+json\" class=\"yoast-schema-graph\">{\"@context\":\"https:\\\/\\\/schema.org\",\"@graph\":[{\"@type\":\"WebPage\",\"@id\":\"https:\\\/\\\/ceotronics.com\\\/en\\\/ct-comlink-technology\\\/\",\"url\":\"https:\\\/\\\/ceotronics.com\\\/en\\\/ct-comlink-technology\\\/\",\"name\":\"CEOTRONICS AG - CT-ComLink\u00ae technology\",\"isPartOf\":{\"@id\":\"https:\\\/\\\/ceotronics.com\\\/en\\\/#website\"},\"datePublished\":\"2024-07-24T14:53:58+00:00\",\"dateModified\":\"2025-11-21T11:14:08+00:00\",\"description\":\"Find out more about CT-ComLink\u00ae technology for clear and secure communication in demanding situations.\",\"breadcrumb\":{\"@id\":\"https:\\\/\\\/ceotronics.com\\\/en\\\/ct-comlink-technology\\\/#breadcrumb\"},\"inLanguage\":\"en-US\",\"potentialAction\":[{\"@type\":\"ReadAction\",\"target\":[\"https:\\\/\\\/ceotronics.com\\\/en\\\/ct-comlink-technology\\\/\"]}]},{\"@type\":\"BreadcrumbList\",\"@id\":\"https:\\\/\\\/ceotronics.com\\\/en\\\/ct-comlink-technology\\\/#breadcrumb\",\"itemListElement\":[{\"@type\":\"ListItem\",\"position\":1,\"name\":\"Startseite\",\"item\":\"https:\\\/\\\/ceotronics.com\\\/en\\\/\"},{\"@type\":\"ListItem\",\"position\":2,\"name\":\"CT-ComLink\u00ae technology\"}]},{\"@type\":\"WebSite\",\"@id\":\"https:\\\/\\\/ceotronics.com\\\/en\\\/#website\",\"url\":\"https:\\\/\\\/ceotronics.com\\\/en\\\/\",\"name\":\"CEOTRONICS\",\"description\":\"when it counts\",\"publisher\":{\"@id\":\"https:\\\/\\\/ceotronics.com\\\/en\\\/#organization\"},\"potentialAction\":[{\"@type\":\"SearchAction\",\"target\":{\"@type\":\"EntryPoint\",\"urlTemplate\":\"https:\\\/\\\/ceotronics.com\\\/en\\\/?s={search_term_string}\"},\"query-input\":{\"@type\":\"PropertyValueSpecification\",\"valueRequired\":true,\"valueName\":\"search_term_string\"}}],\"inLanguage\":\"en-US\"},{\"@type\":\"Organization\",\"@id\":\"https:\\\/\\\/ceotronics.com\\\/en\\\/#organization\",\"name\":\"CEOTRONICS AG\",\"alternateName\":\"CEOTRONICS\",\"url\":\"https:\\\/\\\/ceotronics.com\\\/en\\\/\",\"logo\":{\"@type\":\"ImageObject\",\"inLanguage\":\"en-US\",\"@id\":\"https:\\\/\\\/ceotronics.com\\\/en\\\/#\\\/schema\\\/logo\\\/image\\\/\",\"url\":\"https:\\\/\\\/ceotronics.com\\\/wp-content\\\/uploads\\\/2024\\\/11\\\/CT-yoast-icon-696x696-1.png\",\"contentUrl\":\"https:\\\/\\\/ceotronics.com\\\/wp-content\\\/uploads\\\/2024\\\/11\\\/CT-yoast-icon-696x696-1.png\",\"width\":696,\"height\":696,\"caption\":\"CEOTRONICS AG\"},\"image\":{\"@id\":\"https:\\\/\\\/ceotronics.com\\\/en\\\/#\\\/schema\\\/logo\\\/image\\\/\"},\"sameAs\":[\"https:\\\/\\\/www.linkedin.com\\\/company\\\/ceotronics\\\/posts\\\/?feedView=all\",\"https:\\\/\\\/www.instagram.com\\\/ceotronics\\\/?hl=de\"],\"description\":\"Kommunikation ist ein Schl\u00fcssel zum Erfolg \u2013 in unserer demokratischen Gesellschaft, in Politik und Wirtschaft ebenso wie im Privat- und Berufsleben jedes Menschen. Aber was passiert in Situationen, in denen schwierige \u00e4u\u00dfere Umst\u00e4nde eine einwandfreie Kommunikation beinahe unm\u00f6glich machen? Im Einsatz von Polizei-, Feuerwehr-, Rettungs\u2013 und Verteidigungskr\u00e4ften oder in der Industrie sind solche Situationen Alltag. Eine st\u00f6rungsfreie Kommunikation sichert hier nicht nur reibungslose Abl\u00e4ufe, sondern rettet im Ernstfall Leben. Im Wissen darum wurde CEOTRONICS gegr\u00fcndet. Unser Antrieb: F\u00fcr diejenigen Menschen Kommunikationsl\u00f6sungen zu entwickeln, auf die es ankommt. Und f\u00fcr die Situationen, wenn es darauf ankommt. When it counts.\",\"email\":\"info@ceotronics.com\",\"telephone\":\"+49 6074 87510\",\"legalName\":\"CEOTRONICS AG\",\"foundingDate\":\"1985-06-01\",\"numberOfEmployees\":{\"@type\":\"QuantitativeValue\",\"minValue\":\"51\",\"maxValue\":\"200\"},\"publishingPrinciples\":\"https:\\\/\\\/ceotronics.com\\\/unternehmen\\\/\",\"ownershipFundingInfo\":\"https:\\\/\\\/ceotronics.com\\\/investoren\\\/\",\"actionableFeedbackPolicy\":\"https:\\\/\\\/ceotronics.com\\\/unternehmen\\\/\",\"ethicsPolicy\":\"https:\\\/\\\/ceotronics.com\\\/unternehmen\\\/\",\"diversityPolicy\":\"https:\\\/\\\/ceotronics.com\\\/unternehmen\\\/\",\"diversityStaffingReport\":\"https:\\\/\\\/ceotronics.com\\\/unternehmen\\\/\"}]}<\/script>\n<!-- \/ Yoast SEO Premium plugin. -->","yoast_head_json":{"title":"CEOTRONICS AG - CT-ComLink\u00ae technology","description":"Find out more about CT-ComLink\u00ae technology for clear and secure communication in demanding situations.","robots":{"index":"index","follow":"follow","max-snippet":"max-snippet:-1","max-image-preview":"max-image-preview:large","max-video-preview":"max-video-preview:-1"},"canonical":"https:\/\/ceotronics.com\/en\/ct-comlink-technology\/","og_locale":"en_US","og_type":"article","og_title":"CEOTRONICS AG - CT-ComLink\u00ae technology","og_description":"CEONTRONICS has developed the CT-ComLink\u00ae technology for the perfect interaction of the technology used in complex operations. It has been used successfully for years by the police, defense forces, emergency services, at airports and in industry.","og_url":"https:\/\/ceotronics.com\/en\/ct-comlink-technology\/","og_site_name":"CEOTRONICS AG","article_modified_time":"2025-11-21T11:14:08+00:00","og_image":[{"width":1200,"height":675,"url":"https:\/\/ceotronics.com\/wp-content\/uploads\/2024\/11\/CT-SocialMedia-teilen_1200x675.jpg","type":"image\/jpeg"}],"twitter_card":"summary_large_image","twitter_misc":{"Est. reading time":"2 minutes"},"schema":{"@context":"https:\/\/schema.org","@graph":[{"@type":"WebPage","@id":"https:\/\/ceotronics.com\/en\/ct-comlink-technology\/","url":"https:\/\/ceotronics.com\/en\/ct-comlink-technology\/","name":"CEOTRONICS AG - CT-ComLink\u00ae technology","isPartOf":{"@id":"https:\/\/ceotronics.com\/en\/#website"},"datePublished":"2024-07-24T14:53:58+00:00","dateModified":"2025-11-21T11:14:08+00:00","description":"Find out more about CT-ComLink\u00ae technology for clear and secure communication in demanding situations.","breadcrumb":{"@id":"https:\/\/ceotronics.com\/en\/ct-comlink-technology\/#breadcrumb"},"inLanguage":"en-US","potentialAction":[{"@type":"ReadAction","target":["https:\/\/ceotronics.com\/en\/ct-comlink-technology\/"]}]},{"@type":"BreadcrumbList","@id":"https:\/\/ceotronics.com\/en\/ct-comlink-technology\/#breadcrumb","itemListElement":[{"@type":"ListItem","position":1,"name":"Startseite","item":"https:\/\/ceotronics.com\/en\/"},{"@type":"ListItem","position":2,"name":"CT-ComLink\u00ae technology"}]},{"@type":"WebSite","@id":"https:\/\/ceotronics.com\/en\/#website","url":"https:\/\/ceotronics.com\/en\/","name":"CEOTRONICS","description":"when it counts","publisher":{"@id":"https:\/\/ceotronics.com\/en\/#organization"},"potentialAction":[{"@type":"SearchAction","target":{"@type":"EntryPoint","urlTemplate":"https:\/\/ceotronics.com\/en\/?s={search_term_string}"},"query-input":{"@type":"PropertyValueSpecification","valueRequired":true,"valueName":"search_term_string"}}],"inLanguage":"en-US"},{"@type":"Organization","@id":"https:\/\/ceotronics.com\/en\/#organization","name":"CEOTRONICS AG","alternateName":"CEOTRONICS","url":"https:\/\/ceotronics.com\/en\/","logo":{"@type":"ImageObject","inLanguage":"en-US","@id":"https:\/\/ceotronics.com\/en\/#\/schema\/logo\/image\/","url":"https:\/\/ceotronics.com\/wp-content\/uploads\/2024\/11\/CT-yoast-icon-696x696-1.png","contentUrl":"https:\/\/ceotronics.com\/wp-content\/uploads\/2024\/11\/CT-yoast-icon-696x696-1.png","width":696,"height":696,"caption":"CEOTRONICS AG"},"image":{"@id":"https:\/\/ceotronics.com\/en\/#\/schema\/logo\/image\/"},"sameAs":["https:\/\/www.linkedin.com\/company\/ceotronics\/posts\/?feedView=all","https:\/\/www.instagram.com\/ceotronics\/?hl=de"],"description":"Kommunikation ist ein Schl\u00fcssel zum Erfolg \u2013 in unserer demokratischen Gesellschaft, in Politik und Wirtschaft ebenso wie im Privat- und Berufsleben jedes Menschen. Aber was passiert in Situationen, in denen schwierige \u00e4u\u00dfere Umst\u00e4nde eine einwandfreie Kommunikation beinahe unm\u00f6glich machen? Im Einsatz von Polizei-, Feuerwehr-, Rettungs\u2013 und Verteidigungskr\u00e4ften oder in der Industrie sind solche Situationen Alltag. Eine st\u00f6rungsfreie Kommunikation sichert hier nicht nur reibungslose Abl\u00e4ufe, sondern rettet im Ernstfall Leben. Im Wissen darum wurde CEOTRONICS gegr\u00fcndet. Unser Antrieb: F\u00fcr diejenigen Menschen Kommunikationsl\u00f6sungen zu entwickeln, auf die es ankommt. Und f\u00fcr die Situationen, wenn es darauf ankommt. When it counts.","email":"info@ceotronics.com","telephone":"+49 6074 87510","legalName":"CEOTRONICS AG","foundingDate":"1985-06-01","numberOfEmployees":{"@type":"QuantitativeValue","minValue":"51","maxValue":"200"},"publishingPrinciples":"https:\/\/ceotronics.com\/unternehmen\/","ownershipFundingInfo":"https:\/\/ceotronics.com\/investoren\/","actionableFeedbackPolicy":"https:\/\/ceotronics.com\/unternehmen\/","ethicsPolicy":"https:\/\/ceotronics.com\/unternehmen\/","diversityPolicy":"https:\/\/ceotronics.com\/unternehmen\/","diversityStaffingReport":"https:\/\/ceotronics.com\/unternehmen\/"}]}},"_links":{"self":[{"href":"https:\/\/ceotronics.com\/en\/wp-json\/wp\/v2\/pages\/6563","targetHints":{"allow":["GET"]}}],"collection":[{"href":"https:\/\/ceotronics.com\/en\/wp-json\/wp\/v2\/pages"}],"about":[{"href":"https:\/\/ceotronics.com\/en\/wp-json\/wp\/v2\/types\/page"}],"author":[{"embeddable":true,"href":"https:\/\/ceotronics.com\/en\/wp-json\/wp\/v2\/users\/1"}],"replies":[{"embeddable":true,"href":"https:\/\/ceotronics.com\/en\/wp-json\/wp\/v2\/comments?post=6563"}],"version-history":[{"count":17,"href":"https:\/\/ceotronics.com\/en\/wp-json\/wp\/v2\/pages\/6563\/revisions"}],"predecessor-version":[{"id":13082,"href":"https:\/\/ceotronics.com\/en\/wp-json\/wp\/v2\/pages\/6563\/revisions\/13082"}],"wp:attachment":[{"href":"https:\/\/ceotronics.com\/en\/wp-json\/wp\/v2\/media?parent=6563"}],"curies":[{"name":"wp","href":"https:\/\/api.w.org\/{rel}","templated":true}]}}