{"id":6545,"date":"2024-05-16T16:00:04","date_gmt":"2024-05-16T14:00:04","guid":{"rendered":"https:\/\/ceotronics.com\/registration-for-members\/"},"modified":"2025-12-17T17:08:22","modified_gmt":"2025-12-17T16:08:22","slug":"account","status":"publish","type":"page","link":"https:\/\/ceotronics.com\/en\/account\/","title":{"rendered":"Account"},"content":{"rendered":"<p><div class=\"fusion-fullwidth fullwidth-box fusion-builder-row-1 fusion-flex-container has-pattern-background has-mask-background fusion-parallax-none nonhundred-percent-fullwidth non-hundred-percent-height-scrolling\" style=\"--link_color: var(--awb-color1);--awb-border-sizes-top:0px;--awb-border-sizes-bottom:0px;--awb-border-sizes-left:0px;--awb-border-sizes-right:0px;--awb-border-radius-top-left:0px;--awb-border-radius-top-right:0px;--awb-border-radius-bottom-right:0px;--awb-border-radius-bottom-left:0px;--awb-padding-top:8vw;--awb-padding-right:6vw;--awb-padding-bottom:8vw;--awb-padding-left:6vw;--awb-padding-top-small:50px;--awb-padding-right-small:50px;--awb-padding-bottom-small:50px;--awb-padding-left-small:50px;--awb-margin-top:0px;--awb-margin-bottom:0px;--awb-background-color:var(--awb-color1);--awb-background-image:url(&quot;https:\/\/ceotronics.com\/wp-content\/uploads\/2024\/08\/impressum-datenschutz-header.jpg&quot;);--awb-background-size:cover;--awb-flex-wrap:wrap;\" ><div class=\"fusion-builder-row fusion-row fusion-flex-align-items-center fusion-flex-justify-content-center fusion-flex-content-wrap\" style=\"max-width:1248px;margin-left: calc(-4% \/ 2 );margin-right: calc(-4% \/ 2 );\"><div class=\"fusion-layout-column fusion_builder_column fusion-builder-column-0 fusion_builder_column_1_2 1_2 fusion-flex-column fusion-animated\" style=\"--awb-bg-size:cover;--awb-width-large:50%;--awb-margin-top-large:0px;--awb-spacing-right-large:3.84%;--awb-margin-bottom-large:0px;--awb-spacing-left-large:3.84%;--awb-width-medium:66.666666666667%;--awb-order-medium:0;--awb-spacing-right-medium:2.88%;--awb-spacing-left-medium:2.88%;--awb-width-small:100%;--awb-order-small:1;--awb-spacing-right-small:1.92%;--awb-spacing-left-small:1.92%;\" data-animationType=\"fadeInUp\" data-animationDuration=\"1.3\" data-animationOffset=\"top-into-view\"><div class=\"fusion-column-wrapper fusion-column-has-shadow fusion-flex-justify-content-flex-start fusion-content-layout-column\"><div class=\"fusion-title title fusion-title-1 fusion-sep-none fusion-title-center fusion-title-text fusion-title-size-one\" style=\"--awb-text-color:var(--awb-color1);--awb-margin-bottom:0px;--awb-margin-top-small:10px;--awb-margin-right-small:0px;--awb-margin-bottom-small:20px;--awb-margin-left-small:0px;--awb-font-size:80px;\"><h1 class=\"fusion-title-heading title-heading-center fusion-responsive-typography-calculated\" style=\"font-family:&quot;Bebas Neue&quot;;font-style:normal;font-weight:400;margin:0;letter-spacing:1px;font-size:1em;--fontSize:80;line-height:1.16;\">Account<\/h1><\/div><\/div><\/div><\/div><\/div><div class=\"fusion-fullwidth fullwidth-box fusion-builder-row-2 fusion-flex-container has-pattern-background has-mask-background nonhundred-percent-fullwidth non-hundred-percent-height-scrolling\" style=\"--awb-border-radius-top-left:0px;--awb-border-radius-top-right:0px;--awb-border-radius-bottom-right:0px;--awb-border-radius-bottom-left:0px;--awb-margin-bottom:10%;--awb-flex-wrap:wrap;\" ><div class=\"fusion-builder-row fusion-row fusion-flex-align-items-flex-start fusion-flex-justify-content-center fusion-flex-content-wrap\" style=\"max-width:1248px;margin-left: calc(-4% \/ 2 );margin-right: calc(-4% \/ 2 );\"><div class=\"fusion-layout-column fusion_builder_column fusion-builder-column-1 fusion_builder_column_1_2 1_2 fusion-flex-column\" style=\"--awb-bg-size:cover;--awb-width-large:50%;--awb-margin-top-large:5%;--awb-spacing-right-large:3.84%;--awb-margin-bottom-large:0px;--awb-spacing-left-large:3.84%;--awb-width-medium:50%;--awb-order-medium:0;--awb-spacing-right-medium:3.84%;--awb-spacing-left-medium:3.84%;--awb-width-small:100%;--awb-order-small:0;--awb-spacing-right-small:1.92%;--awb-spacing-left-small:1.92%;\" data-scroll-devices=\"small-visibility,medium-visibility,large-visibility\"><div class=\"fusion-column-wrapper fusion-column-has-shadow fusion-flex-justify-content-flex-start fusion-content-layout-column\"><div class=\"fusion-text fusion-text-1\" style=\"--awb-margin-top:3%;\"><p><strong>Login<\/strong><\/p>\n<div class=\"swpm-login-widget-form\">\n    <form id=\"swpm-login-form\" name=\"swpm-login-form\" method=\"post\" action=\"\">\n        <input type=\"hidden\" name=\"swpm_login_origination_flag\" value=\"1\" \/>\n        <div class=\"swpm-login-form-inner\">\n            <div class=\"swpm-username-label\">\n                <label for=\"swpm_user_name\" class=\"swpm-label\">Username or Email<\/label>\n            <\/div>\n            <div class=\"swpm-username-input\">\n                <input type=\"text\" class=\"swpm-text-field swpm-username-field\" id=\"swpm_user_name\" value=\"\" size=\"25\" name=\"swpm_user_name\" \/>\n            <\/div>\n            <div class=\"swpm-password-label\">\n                <label for=\"swpm_password\" class=\"swpm-label\">Password<\/label>\n            <\/div>\n            <div class=\"swpm-password-input\">                \n                <input type=\"password\" class=\"swpm-text-field swpm-password-field\" id=\"swpm_password\" value=\"\" size=\"25\" name=\"swpm_password\" \/>                \n            <\/div>\n                            <div class=\"swpm-password-input-visibility\">                                        \n                    <span class=\"swpm-password-toggle-checkbox\"><input type=\"checkbox\" name=\"swpm-password-toggle-checkbox\" id=\"swpm-password-toggle-checkbox\" data-state=\"password-hidden\" > <\/span>\n                    <label for=\"swpm-password-toggle-checkbox\" class=\"swpm-password-toggle-checkbox-label\">\n                        <span class=\"swpm-password-toggle-label\"> Show password<\/span>\n                    <\/label>\n                <\/div>\n                        <div class=\"swpm-remember-me\">\n                <span class=\"swpm-remember-checkbox\"><input type=\"checkbox\" name=\"rememberme\" id=\"swpm-rememberme\"><\/span>\n                <label for=\"swpm-rememberme\" class=\"swpm-rememberme-label\">\n                    <span class=\"swpm-rember-label\"> Remember Me<\/span>\n                <\/label>\n            <\/div>\n\n            <div class=\"swpm-before-login-submit-section\"><\/div>\n\n            <div class=\"swpm-login-submit\">\n                <input type=\"submit\" class=\"swpm-login-form-submit swpm-submit-btn-default-style\" name=\"swpm-login\" value=\"Log In\"\/>\n            <\/div>\n            <div class=\"swpm-forgot-pass-link\">\n                <a id=\"forgot_pass\" class=\"swpm-login-form-pw-reset-link\"  href=\"https:\/\/ceotronics.com\/konto\/password-reset\/\">Forgot Password?<\/a>\n            <\/div>\n                        <div class=\"swpm-join-us-link\">\n                <a id=\"register\" class=\"swpm-login-form-register-link\" href=\"https:\/\/ceotronics.com\/konto\/\">Join Us<\/a>\n            <\/div>\n                        <div class=\"swpm-login-action-msg\">\n                <span class=\"swpm-login-widget-action-msg\"><\/span>\n            <\/div>\n        <\/div>\n    <\/form>\n\n    <\/div>\n\n<\/div><div class=\"fusion-text fusion-text-2\" style=\"--awb-margin-top:5%;\"><p><a href=\"https:\/\/ceotronics.com\/en\/account\/reset-password\/\">Forgot your password?<\/a><\/p>\n<\/div><div class=\"fusion-text fusion-text-3\" style=\"--awb-margin-top:5%;\">\n<\/div><div ><a class=\"fusion-button button-flat button-small button-default fusion-button-default button-1 fusion-button-default-span fusion-button-default-type\" target=\"_self\" href=\"https:\/\/ceotronics.com\/en\/manuals\/\"><span class=\"fusion-button-text awb-button__text awb-button__text--default\">to the manuals<\/span><\/a><\/div><\/div><\/div><\/div><\/div><\/p>\n","protected":false},"excerpt":{"rendered":"","protected":false},"author":1,"featured_media":0,"parent":0,"menu_order":0,"comment_status":"closed","ping_status":"closed","template":"100-width.php","meta":{"footnotes":""},"class_list":["post-6545","page","type-page","status-publish","hentry"],"yoast_head":"<!-- This site is optimized with the Yoast SEO Premium plugin v27.4 (Yoast SEO v27.4) - https:\/\/yoast.com\/product\/yoast-seo-premium-wordpress\/ -->\n<title>CEOTRONICS AG - Account<\/title>\n<meta name=\"robots\" content=\"index, follow, max-snippet:-1, max-image-preview:large, max-video-preview:-1\" \/>\n<link rel=\"canonical\" href=\"https:\/\/ceotronics.com\/en\/account\/\" \/>\n<meta property=\"og:locale\" content=\"en_US\" \/>\n<meta property=\"og:type\" content=\"article\" \/>\n<meta property=\"og:title\" content=\"CEOTRONICS AG - Account\" \/>\n<meta property=\"og:url\" content=\"https:\/\/ceotronics.com\/en\/account\/\" \/>\n<meta property=\"og:site_name\" content=\"CEOTRONICS AG\" \/>\n<meta property=\"article:modified_time\" content=\"2025-12-17T16:08:22+00:00\" \/>\n<meta property=\"og:image\" content=\"https:\/\/ceotronics.com\/wp-content\/uploads\/2024\/11\/CT-SocialMedia-teilen_1200x675.jpg\" \/>\n\t<meta property=\"og:image:width\" content=\"1200\" \/>\n\t<meta property=\"og:image:height\" content=\"675\" \/>\n\t<meta property=\"og:image:type\" content=\"image\/jpeg\" \/>\n<meta name=\"twitter:card\" content=\"summary_large_image\" \/>\n<meta name=\"twitter:label1\" content=\"Est. reading time\" \/>\n\t<meta name=\"twitter:data1\" content=\"1 minute\" \/>\n<script type=\"application\/ld+json\" class=\"yoast-schema-graph\">{\"@context\":\"https:\\\/\\\/schema.org\",\"@graph\":[{\"@type\":\"WebPage\",\"@id\":\"https:\\\/\\\/ceotronics.com\\\/en\\\/account\\\/\",\"url\":\"https:\\\/\\\/ceotronics.com\\\/en\\\/account\\\/\",\"name\":\"CEOTRONICS AG - Account\",\"isPartOf\":{\"@id\":\"https:\\\/\\\/ceotronics.com\\\/en\\\/#website\"},\"datePublished\":\"2024-05-16T14:00:04+00:00\",\"dateModified\":\"2025-12-17T16:08:22+00:00\",\"breadcrumb\":{\"@id\":\"https:\\\/\\\/ceotronics.com\\\/en\\\/account\\\/#breadcrumb\"},\"inLanguage\":\"en-US\",\"potentialAction\":[{\"@type\":\"ReadAction\",\"target\":[\"https:\\\/\\\/ceotronics.com\\\/en\\\/account\\\/\"]}]},{\"@type\":\"BreadcrumbList\",\"@id\":\"https:\\\/\\\/ceotronics.com\\\/en\\\/account\\\/#breadcrumb\",\"itemListElement\":[{\"@type\":\"ListItem\",\"position\":1,\"name\":\"Startseite\",\"item\":\"https:\\\/\\\/ceotronics.com\\\/en\\\/\"},{\"@type\":\"ListItem\",\"position\":2,\"name\":\"Account\"}]},{\"@type\":\"WebSite\",\"@id\":\"https:\\\/\\\/ceotronics.com\\\/en\\\/#website\",\"url\":\"https:\\\/\\\/ceotronics.com\\\/en\\\/\",\"name\":\"CEOTRONICS\",\"description\":\"when it counts\",\"publisher\":{\"@id\":\"https:\\\/\\\/ceotronics.com\\\/en\\\/#organization\"},\"potentialAction\":[{\"@type\":\"SearchAction\",\"target\":{\"@type\":\"EntryPoint\",\"urlTemplate\":\"https:\\\/\\\/ceotronics.com\\\/en\\\/?s={search_term_string}\"},\"query-input\":{\"@type\":\"PropertyValueSpecification\",\"valueRequired\":true,\"valueName\":\"search_term_string\"}}],\"inLanguage\":\"en-US\"},{\"@type\":\"Organization\",\"@id\":\"https:\\\/\\\/ceotronics.com\\\/en\\\/#organization\",\"name\":\"CEOTRONICS AG\",\"alternateName\":\"CEOTRONICS\",\"url\":\"https:\\\/\\\/ceotronics.com\\\/en\\\/\",\"logo\":{\"@type\":\"ImageObject\",\"inLanguage\":\"en-US\",\"@id\":\"https:\\\/\\\/ceotronics.com\\\/en\\\/#\\\/schema\\\/logo\\\/image\\\/\",\"url\":\"https:\\\/\\\/ceotronics.com\\\/wp-content\\\/uploads\\\/2024\\\/11\\\/CT-yoast-icon-696x696-1.png\",\"contentUrl\":\"https:\\\/\\\/ceotronics.com\\\/wp-content\\\/uploads\\\/2024\\\/11\\\/CT-yoast-icon-696x696-1.png\",\"width\":696,\"height\":696,\"caption\":\"CEOTRONICS AG\"},\"image\":{\"@id\":\"https:\\\/\\\/ceotronics.com\\\/en\\\/#\\\/schema\\\/logo\\\/image\\\/\"},\"sameAs\":[\"https:\\\/\\\/www.linkedin.com\\\/company\\\/ceotronics\\\/posts\\\/?feedView=all\",\"https:\\\/\\\/www.instagram.com\\\/ceotronics\\\/?hl=de\"],\"description\":\"Kommunikation ist ein Schl\u00fcssel zum Erfolg \u2013 in unserer demokratischen Gesellschaft, in Politik und Wirtschaft ebenso wie im Privat- und Berufsleben jedes Menschen. Aber was passiert in Situationen, in denen schwierige \u00e4u\u00dfere Umst\u00e4nde eine einwandfreie Kommunikation beinahe unm\u00f6glich machen? Im Einsatz von Polizei-, Feuerwehr-, Rettungs\u2013 und Verteidigungskr\u00e4ften oder in der Industrie sind solche Situationen Alltag. Eine st\u00f6rungsfreie Kommunikation sichert hier nicht nur reibungslose Abl\u00e4ufe, sondern rettet im Ernstfall Leben. Im Wissen darum wurde CEOTRONICS gegr\u00fcndet. Unser Antrieb: F\u00fcr diejenigen Menschen Kommunikationsl\u00f6sungen zu entwickeln, auf die es ankommt. Und f\u00fcr die Situationen, wenn es darauf ankommt. When it counts.\",\"email\":\"info@ceotronics.com\",\"telephone\":\"+49 6074 87510\",\"legalName\":\"CEOTRONICS AG\",\"foundingDate\":\"1985-06-01\",\"numberOfEmployees\":{\"@type\":\"QuantitativeValue\",\"minValue\":\"51\",\"maxValue\":\"200\"},\"publishingPrinciples\":\"https:\\\/\\\/ceotronics.com\\\/unternehmen\\\/\",\"ownershipFundingInfo\":\"https:\\\/\\\/ceotronics.com\\\/investoren\\\/\",\"actionableFeedbackPolicy\":\"https:\\\/\\\/ceotronics.com\\\/unternehmen\\\/\",\"ethicsPolicy\":\"https:\\\/\\\/ceotronics.com\\\/unternehmen\\\/\",\"diversityPolicy\":\"https:\\\/\\\/ceotronics.com\\\/unternehmen\\\/\",\"diversityStaffingReport\":\"https:\\\/\\\/ceotronics.com\\\/unternehmen\\\/\"}]}<\/script>\n<!-- \/ Yoast SEO Premium plugin. -->","yoast_head_json":{"title":"CEOTRONICS AG - Account","robots":{"index":"index","follow":"follow","max-snippet":"max-snippet:-1","max-image-preview":"max-image-preview:large","max-video-preview":"max-video-preview:-1"},"canonical":"https:\/\/ceotronics.com\/en\/account\/","og_locale":"en_US","og_type":"article","og_title":"CEOTRONICS AG - Account","og_url":"https:\/\/ceotronics.com\/en\/account\/","og_site_name":"CEOTRONICS AG","article_modified_time":"2025-12-17T16:08:22+00:00","og_image":[{"width":1200,"height":675,"url":"https:\/\/ceotronics.com\/wp-content\/uploads\/2024\/11\/CT-SocialMedia-teilen_1200x675.jpg","type":"image\/jpeg"}],"twitter_card":"summary_large_image","twitter_misc":{"Est. reading time":"1 minute"},"schema":{"@context":"https:\/\/schema.org","@graph":[{"@type":"WebPage","@id":"https:\/\/ceotronics.com\/en\/account\/","url":"https:\/\/ceotronics.com\/en\/account\/","name":"CEOTRONICS AG - Account","isPartOf":{"@id":"https:\/\/ceotronics.com\/en\/#website"},"datePublished":"2024-05-16T14:00:04+00:00","dateModified":"2025-12-17T16:08:22+00:00","breadcrumb":{"@id":"https:\/\/ceotronics.com\/en\/account\/#breadcrumb"},"inLanguage":"en-US","potentialAction":[{"@type":"ReadAction","target":["https:\/\/ceotronics.com\/en\/account\/"]}]},{"@type":"BreadcrumbList","@id":"https:\/\/ceotronics.com\/en\/account\/#breadcrumb","itemListElement":[{"@type":"ListItem","position":1,"name":"Startseite","item":"https:\/\/ceotronics.com\/en\/"},{"@type":"ListItem","position":2,"name":"Account"}]},{"@type":"WebSite","@id":"https:\/\/ceotronics.com\/en\/#website","url":"https:\/\/ceotronics.com\/en\/","name":"CEOTRONICS","description":"when it counts","publisher":{"@id":"https:\/\/ceotronics.com\/en\/#organization"},"potentialAction":[{"@type":"SearchAction","target":{"@type":"EntryPoint","urlTemplate":"https:\/\/ceotronics.com\/en\/?s={search_term_string}"},"query-input":{"@type":"PropertyValueSpecification","valueRequired":true,"valueName":"search_term_string"}}],"inLanguage":"en-US"},{"@type":"Organization","@id":"https:\/\/ceotronics.com\/en\/#organization","name":"CEOTRONICS AG","alternateName":"CEOTRONICS","url":"https:\/\/ceotronics.com\/en\/","logo":{"@type":"ImageObject","inLanguage":"en-US","@id":"https:\/\/ceotronics.com\/en\/#\/schema\/logo\/image\/","url":"https:\/\/ceotronics.com\/wp-content\/uploads\/2024\/11\/CT-yoast-icon-696x696-1.png","contentUrl":"https:\/\/ceotronics.com\/wp-content\/uploads\/2024\/11\/CT-yoast-icon-696x696-1.png","width":696,"height":696,"caption":"CEOTRONICS AG"},"image":{"@id":"https:\/\/ceotronics.com\/en\/#\/schema\/logo\/image\/"},"sameAs":["https:\/\/www.linkedin.com\/company\/ceotronics\/posts\/?feedView=all","https:\/\/www.instagram.com\/ceotronics\/?hl=de"],"description":"Kommunikation ist ein Schl\u00fcssel zum Erfolg \u2013 in unserer demokratischen Gesellschaft, in Politik und Wirtschaft ebenso wie im Privat- und Berufsleben jedes Menschen. Aber was passiert in Situationen, in denen schwierige \u00e4u\u00dfere Umst\u00e4nde eine einwandfreie Kommunikation beinahe unm\u00f6glich machen? Im Einsatz von Polizei-, Feuerwehr-, Rettungs\u2013 und Verteidigungskr\u00e4ften oder in der Industrie sind solche Situationen Alltag. Eine st\u00f6rungsfreie Kommunikation sichert hier nicht nur reibungslose Abl\u00e4ufe, sondern rettet im Ernstfall Leben. Im Wissen darum wurde CEOTRONICS gegr\u00fcndet. Unser Antrieb: F\u00fcr diejenigen Menschen Kommunikationsl\u00f6sungen zu entwickeln, auf die es ankommt. Und f\u00fcr die Situationen, wenn es darauf ankommt. When it counts.","email":"info@ceotronics.com","telephone":"+49 6074 87510","legalName":"CEOTRONICS AG","foundingDate":"1985-06-01","numberOfEmployees":{"@type":"QuantitativeValue","minValue":"51","maxValue":"200"},"publishingPrinciples":"https:\/\/ceotronics.com\/unternehmen\/","ownershipFundingInfo":"https:\/\/ceotronics.com\/investoren\/","actionableFeedbackPolicy":"https:\/\/ceotronics.com\/unternehmen\/","ethicsPolicy":"https:\/\/ceotronics.com\/unternehmen\/","diversityPolicy":"https:\/\/ceotronics.com\/unternehmen\/","diversityStaffingReport":"https:\/\/ceotronics.com\/unternehmen\/"}]}},"_links":{"self":[{"href":"https:\/\/ceotronics.com\/en\/wp-json\/wp\/v2\/pages\/6545","targetHints":{"allow":["GET"]}}],"collection":[{"href":"https:\/\/ceotronics.com\/en\/wp-json\/wp\/v2\/pages"}],"about":[{"href":"https:\/\/ceotronics.com\/en\/wp-json\/wp\/v2\/types\/page"}],"author":[{"embeddable":true,"href":"https:\/\/ceotronics.com\/en\/wp-json\/wp\/v2\/users\/1"}],"replies":[{"embeddable":true,"href":"https:\/\/ceotronics.com\/en\/wp-json\/wp\/v2\/comments?post=6545"}],"version-history":[{"count":18,"href":"https:\/\/ceotronics.com\/en\/wp-json\/wp\/v2\/pages\/6545\/revisions"}],"predecessor-version":[{"id":13371,"href":"https:\/\/ceotronics.com\/en\/wp-json\/wp\/v2\/pages\/6545\/revisions\/13371"}],"wp:attachment":[{"href":"https:\/\/ceotronics.com\/en\/wp-json\/wp\/v2\/media?parent=6545"}],"curies":[{"name":"wp","href":"https:\/\/api.w.org\/{rel}","templated":true}]}}